{"id":100493,"date":"2025-01-22T12:29:14","date_gmt":"2025-01-22T11:29:14","guid":{"rendered":"https:\/\/h-moser.com\/?post_type=product&#038;p=100493"},"modified":"2025-01-29T10:20:11","modified_gmt":"2025-01-29T09:20:11","slug":"pioneer-tourbillon-3805-0400","status":"publish","type":"product","link":"https:\/\/h-moser.com\/fr\/produit\/pioneer-tourbillon-3805-0400\/","title":{"rendered":"Pioneer Tourbillon Burgundy"},"content":{"rendered":"<p>Cr\u00e9\u00e9 pour arpenter la jungle urbaine et les grands espaces, le Pioneer Tourbillon Burgundy est un sp\u00e9cimen rare qui allie l\u2019\u00e9l\u00e9gance \u00e0 la robustesse. Anim\u00e9 par le calibre HMC 805 et son ing\u00e9nieux tourbillon \u00e0 double spiral, ce garde-temps rivalise d\u2019audace et de raffinement. Laissez votre regard se perdre dans les profondeurs chatoyantes de son cadran Burgundy fum\u00e9. Le bracelet kaki \u00e0 l\u2019esth\u00e9tique affirm\u00e9e ne manquera pas quant \u00e0 lui de r\u00e9veiller votre c\u00f4t\u00e9 sauvage. V\u00e9ritable hymne \u00e0 l\u2019audace et \u00e0 la sophistication, ce garde-temps est une invitation \u00e0 explorer des contr\u00e9es inconnues.<\/p>\n","protected":false},"excerpt":{"rendered":"<p>Cr\u00e9\u00e9 pour arpenter la jungle urbaine et les grands espaces, le Pioneer Tourbillon Burgundy est un sp\u00e9cimen rare qui allie l\u2019\u00e9l\u00e9gance \u00e0 la robustesse. Anim\u00e9 par le calibre HMC 805 et son ing\u00e9nieux tourbillon \u00e0 double spiral, ce garde-temps rivalise d\u2019audace et de raffinement. Laissez votre regard se perdre dans les profondeurs chatoyantes de son &hellip; <a href=\"https:\/\/h-moser.com\/fr\/produit\/pioneer-tourbillon-3805-0400\/\">Continued<\/a><\/p>\n","protected":false},"featured_media":100500,"template":"","meta":{"_acf_changed":false,"_seopress_robots_primary_cat":"none","_seopress_titles_title":"","_seopress_titles_desc":"","_seopress_robots_index":""},"product_brand":[],"product_cat":[273,290],"product_tag":[],"class_list":{"0":"post-100493","1":"product","2":"type-product","3":"status-publish","4":"has-post-thumbnail","6":"product_cat-pioneer-fr","7":"product_cat-tourbillon-2-fr","9":"first","10":"instock","11":"shipping-taxable","12":"purchasable","13":"product-type-simple"},"acf":[],"_links":{"self":[{"href":"https:\/\/h-moser.com\/fr\/wp-json\/wp\/v2\/product\/100493","targetHints":{"allow":["GET"]}}],"collection":[{"href":"https:\/\/h-moser.com\/fr\/wp-json\/wp\/v2\/product"}],"about":[{"href":"https:\/\/h-moser.com\/fr\/wp-json\/wp\/v2\/types\/product"}],"wp:featuredmedia":[{"embeddable":true,"href":"https:\/\/h-moser.com\/fr\/wp-json\/wp\/v2\/media\/100500"}],"wp:attachment":[{"href":"https:\/\/h-moser.com\/fr\/wp-json\/wp\/v2\/media?parent=100493"}],"wp:term":[{"taxonomy":"product_brand","embeddable":true,"href":"https:\/\/h-moser.com\/fr\/wp-json\/wp\/v2\/product_brand?post=100493"},{"taxonomy":"product_cat","embeddable":true,"href":"https:\/\/h-moser.com\/fr\/wp-json\/wp\/v2\/product_cat?post=100493"},{"taxonomy":"product_tag","embeddable":true,"href":"https:\/\/h-moser.com\/fr\/wp-json\/wp\/v2\/product_tag?post=100493"}],"curies":[{"name":"wp","href":"https:\/\/api.w.org\/{rel}","templated":true}]}}