{"id":100880,"date":"2024-11-23T15:42:48","date_gmt":"2025-01-29T14:42:48","guid":{"rendered":"https:\/\/h-moser.com\/?post_type=product&#038;p=100880"},"modified":"2025-02-06T13:58:00","modified_gmt":"2025-02-06T12:58:00","slug":"endeavour-tourbillon-vantablack-1805-1200","status":"publish","type":"product","link":"https:\/\/h-moser.com\/fr\/produit\/endeavour-tourbillon-vantablack-1805-1200\/","title":{"rendered":"Endeavour Tourbillon Concept Vantablack\u00ae"},"content":{"rendered":"<p>Plus noir que noir : H. Moser &amp; Cie. associe son ing\u00e9nieux tourbillon volant \u00e0 double spiral au mat\u00e9riau le plus noir jamais cr\u00e9\u00e9\u00a0: le Vantablack\u00ae. Le Endeavour Tourbillon en acier avec un cadran Vantablack\u00ae incarne la quintessence de la sobri\u00e9t\u00e9\u00a0: le cadran, d&rsquo;un noir saisissant, vierge de tout logo, index ou fioriture, met en vedette le tourbillon au charme hypnotique.<\/p>\n","protected":false},"excerpt":{"rendered":"<p>Plus noir que noir : H. Moser &amp; Cie. associe son ing\u00e9nieux tourbillon volant \u00e0 double spiral au mat\u00e9riau le plus noir jamais cr\u00e9\u00e9\u00a0: le Vantablack\u00ae. Le Endeavour Tourbillon en acier avec un cadran Vantablack\u00ae incarne la quintessence de la sobri\u00e9t\u00e9\u00a0: le cadran, d&rsquo;un noir saisissant, vierge de tout logo, index ou fioriture, met en &hellip; <a href=\"https:\/\/h-moser.com\/fr\/produit\/endeavour-tourbillon-vantablack-1805-1200\/\">Continued<\/a><\/p>\n","protected":false},"featured_media":100972,"template":"","meta":{"_acf_changed":false,"_seopress_robots_primary_cat":"none","_seopress_titles_title":"","_seopress_titles_desc":"","_seopress_robots_index":""},"product_brand":[],"product_cat":[168,218],"product_tag":[],"class_list":{"0":"post-100880","1":"product","2":"type-product","3":"status-publish","4":"has-post-thumbnail","6":"product_cat-endeavour-fr-2","7":"product_cat-tourbillon-fr","9":"first","10":"instock","11":"shipping-taxable","12":"purchasable","13":"product-type-simple"},"acf":[],"_links":{"self":[{"href":"https:\/\/h-moser.com\/fr\/wp-json\/wp\/v2\/product\/100880","targetHints":{"allow":["GET"]}}],"collection":[{"href":"https:\/\/h-moser.com\/fr\/wp-json\/wp\/v2\/product"}],"about":[{"href":"https:\/\/h-moser.com\/fr\/wp-json\/wp\/v2\/types\/product"}],"wp:featuredmedia":[{"embeddable":true,"href":"https:\/\/h-moser.com\/fr\/wp-json\/wp\/v2\/media\/100972"}],"wp:attachment":[{"href":"https:\/\/h-moser.com\/fr\/wp-json\/wp\/v2\/media?parent=100880"}],"wp:term":[{"taxonomy":"product_brand","embeddable":true,"href":"https:\/\/h-moser.com\/fr\/wp-json\/wp\/v2\/product_brand?post=100880"},{"taxonomy":"product_cat","embeddable":true,"href":"https:\/\/h-moser.com\/fr\/wp-json\/wp\/v2\/product_cat?post=100880"},{"taxonomy":"product_tag","embeddable":true,"href":"https:\/\/h-moser.com\/fr\/wp-json\/wp\/v2\/product_tag?post=100880"}],"curies":[{"name":"wp","href":"https:\/\/api.w.org\/{rel}","templated":true}]}}