{"id":101382,"date":"2025-02-10T10:55:20","date_gmt":"2025-02-10T09:55:20","guid":{"rendered":"https:\/\/h-moser.com\/?post_type=product&#038;p=101382"},"modified":"2025-02-12T15:46:03","modified_gmt":"2025-02-12T14:46:03","slug":"streamliner-tourbillon-6814-0700","status":"publish","type":"product","link":"https:\/\/h-moser.com\/fr\/produit\/streamliner-tourbillon-6814-0700\/","title":{"rendered":"Streamliner Tourbillon Skeleton Boutique Edition"},"content":{"rendered":"<p>Expression \u00e9tincelante de notre philosophie minimaliste, le Streamliner Tourbillon Skeleton Boutique Edition est d\u00e9pouill\u00e9 de tout artifice. Avec son bo\u00eetier coussin en or jaune de 40 mm, son bracelet int\u00e9gr\u00e9 et son double spiral Straumann\u00ae issu d\u2019une fabrication minutieuse, ce garde-temps marque un \u00e2ge d\u2019or : celui de la rencontre entre Schaffhouse et la Silicon Valley.<\/p>\n","protected":false},"excerpt":{"rendered":"<p>Expression \u00e9tincelante de notre philosophie minimaliste, le Streamliner Tourbillon Skeleton Boutique Edition est d\u00e9pouill\u00e9 de tout artifice. Avec son bo\u00eetier coussin en or jaune de 40 mm, son bracelet int\u00e9gr\u00e9 et son double spiral Straumann\u00ae issu d\u2019une fabrication minutieuse, ce garde-temps marque un \u00e2ge d\u2019or : celui de la rencontre entre Schaffhouse et la Silicon &hellip; <a href=\"https:\/\/h-moser.com\/fr\/produit\/streamliner-tourbillon-6814-0700\/\">Continued<\/a><\/p>\n","protected":false},"featured_media":101389,"template":"","meta":{"_acf_changed":false,"_seopress_robots_primary_cat":"none","_seopress_titles_title":"","_seopress_titles_desc":"","_seopress_robots_index":""},"product_brand":[],"product_cat":[99,1680],"product_tag":[],"class_list":{"0":"post-101382","1":"product","2":"type-product","3":"status-publish","4":"has-post-thumbnail","6":"product_cat-streamliner-fr","7":"product_cat-tourbillon-fr-2","9":"first","10":"instock","11":"shipping-taxable","12":"purchasable","13":"product-type-simple"},"acf":[],"_links":{"self":[{"href":"https:\/\/h-moser.com\/fr\/wp-json\/wp\/v2\/product\/101382","targetHints":{"allow":["GET"]}}],"collection":[{"href":"https:\/\/h-moser.com\/fr\/wp-json\/wp\/v2\/product"}],"about":[{"href":"https:\/\/h-moser.com\/fr\/wp-json\/wp\/v2\/types\/product"}],"wp:featuredmedia":[{"embeddable":true,"href":"https:\/\/h-moser.com\/fr\/wp-json\/wp\/v2\/media\/101389"}],"wp:attachment":[{"href":"https:\/\/h-moser.com\/fr\/wp-json\/wp\/v2\/media?parent=101382"}],"wp:term":[{"taxonomy":"product_brand","embeddable":true,"href":"https:\/\/h-moser.com\/fr\/wp-json\/wp\/v2\/product_brand?post=101382"},{"taxonomy":"product_cat","embeddable":true,"href":"https:\/\/h-moser.com\/fr\/wp-json\/wp\/v2\/product_cat?post=101382"},{"taxonomy":"product_tag","embeddable":true,"href":"https:\/\/h-moser.com\/fr\/wp-json\/wp\/v2\/product_tag?post=101382"}],"curies":[{"name":"wp","href":"https:\/\/api.w.org\/{rel}","templated":true}]}}