{"id":10322,"date":"2020-08-10T16:43:05","date_gmt":"2020-08-31T13:09:26","guid":{"rendered":"https:\/\/dev.cosavostra.com\/hmoser\/product\/endeavour-flying-hours\/"},"modified":"2020-09-22T14:07:18","modified_gmt":"2020-09-22T12:07:18","slug":"endeavour-flying-hours","status":"publish","type":"product","link":"https:\/\/h-moser.com\/fr\/produit\/endeavour-flying-hours\/","title":{"rendered":"Endeavour Flying Hours"},"content":{"rendered":"<p>Approche contemporaine de l&rsquo;affichage satellitaire de l&rsquo;heure, o\u00f9 les aiguilles sont superflues, la Endeavour Flying Hours en or blanc avec un cadran Cosmic Green fum\u00e9 est aussi ludique qu&rsquo;ing\u00e9nieuse. Le temps qui s&rsquo;\u00e9coule est indiqu\u00e9 par trois disques pour les heures sautantes et par un disque central transparent tournant au-dessus du cadran fum\u00e9 pour les minutes.<\/p>\n","protected":false},"excerpt":{"rendered":"<p>Approche contemporaine de l&rsquo;affichage satellitaire de l&rsquo;heure, o\u00f9 les aiguilles sont superflues, la Endeavour Flying Hours en or blanc avec un cadran Cosmic Green fum\u00e9 est aussi ludique qu&rsquo;ing\u00e9nieuse. Le temps qui s&rsquo;\u00e9coule est indiqu\u00e9 par trois disques pour les heures sautantes et par un disque central transparent tournant au-dessus du cadran fum\u00e9 pour les &hellip; <a href=\"https:\/\/h-moser.com\/fr\/produit\/endeavour-flying-hours\/\">Continued<\/a><\/p>\n","protected":false},"featured_media":9323,"template":"","meta":{"_acf_changed":false,"_seopress_robots_primary_cat":"none","_seopress_titles_title":"","_seopress_titles_desc":"","_seopress_robots_index":""},"product_brand":[],"product_cat":[168,1896],"product_tag":[],"class_list":{"0":"post-10322","1":"product","2":"type-product","3":"status-publish","4":"has-post-thumbnail","6":"product_cat-endeavour-fr-2","7":"product_cat-endeavour-models-fr","9":"first","10":"unavailable","11":"shipping-taxable","12":"purchasable","13":"product-type-simple"},"acf":[],"_links":{"self":[{"href":"https:\/\/h-moser.com\/fr\/wp-json\/wp\/v2\/product\/10322","targetHints":{"allow":["GET"]}}],"collection":[{"href":"https:\/\/h-moser.com\/fr\/wp-json\/wp\/v2\/product"}],"about":[{"href":"https:\/\/h-moser.com\/fr\/wp-json\/wp\/v2\/types\/product"}],"wp:featuredmedia":[{"embeddable":true,"href":"https:\/\/h-moser.com\/fr\/wp-json\/wp\/v2\/media\/9323"}],"wp:attachment":[{"href":"https:\/\/h-moser.com\/fr\/wp-json\/wp\/v2\/media?parent=10322"}],"wp:term":[{"taxonomy":"product_brand","embeddable":true,"href":"https:\/\/h-moser.com\/fr\/wp-json\/wp\/v2\/product_brand?post=10322"},{"taxonomy":"product_cat","embeddable":true,"href":"https:\/\/h-moser.com\/fr\/wp-json\/wp\/v2\/product_cat?post=10322"},{"taxonomy":"product_tag","embeddable":true,"href":"https:\/\/h-moser.com\/fr\/wp-json\/wp\/v2\/product_tag?post=10322"}],"curies":[{"name":"wp","href":"https:\/\/api.w.org\/{rel}","templated":true}]}}