{"id":10345,"date":"2020-08-10T17:11:16","date_gmt":"2020-08-31T13:23:05","guid":{"rendered":"https:\/\/dev.cosavostra.com\/hmoser\/product\/endeavour-perpetual-moon\/"},"modified":"2024-03-05T12:24:01","modified_gmt":"2024-03-05T11:24:01","slug":"endeavour-perpetual-moon","status":"publish","type":"product","link":"https:\/\/h-moser.com\/fr\/produit\/endeavour-perpetual-moon\/","title":{"rendered":"Endeavour Perpetual Moon"},"content":{"rendered":"<p>Inspir\u00e9e de l&rsquo;abysse insondable des cieux nocturnes, la Endeavour Perpetual Moon en or rouge avec un cadran en aventurine marie l&rsquo;une des complications horlog\u00e8res les plus sophistiqu\u00e9es avec le style ultra-minimaliste de la version Concept de H. Moser &amp; Cie. Cette r\u00e9alisation marquera aussi bien ceux qui la portent que ceux qui l&rsquo;admirent.<\/p>\n","protected":false},"excerpt":{"rendered":"<p>Inspir\u00e9e de l&rsquo;abysse insondable des cieux nocturnes, la Endeavour Perpetual Moon en or rouge avec un cadran en aventurine marie l&rsquo;une des complications horlog\u00e8res les plus sophistiqu\u00e9es avec le style ultra-minimaliste de la version Concept de H. Moser &amp; Cie. Cette r\u00e9alisation marquera aussi bien ceux qui la portent que ceux qui l&rsquo;admirent.<\/p>\n","protected":false},"featured_media":9442,"template":"","meta":{"_acf_changed":false,"_seopress_robots_primary_cat":"none","_seopress_titles_title":"","_seopress_titles_desc":"","_seopress_robots_index":""},"product_brand":[],"product_cat":[168,1896],"product_tag":[],"class_list":{"0":"post-10345","1":"product","2":"type-product","3":"status-publish","4":"has-post-thumbnail","6":"product_cat-endeavour-fr-2","7":"product_cat-endeavour-models-fr","9":"first","10":"unavailable","11":"shipping-taxable","12":"purchasable","13":"product-type-simple"},"acf":[],"_links":{"self":[{"href":"https:\/\/h-moser.com\/fr\/wp-json\/wp\/v2\/product\/10345","targetHints":{"allow":["GET"]}}],"collection":[{"href":"https:\/\/h-moser.com\/fr\/wp-json\/wp\/v2\/product"}],"about":[{"href":"https:\/\/h-moser.com\/fr\/wp-json\/wp\/v2\/types\/product"}],"wp:featuredmedia":[{"embeddable":true,"href":"https:\/\/h-moser.com\/fr\/wp-json\/wp\/v2\/media\/9442"}],"wp:attachment":[{"href":"https:\/\/h-moser.com\/fr\/wp-json\/wp\/v2\/media?parent=10345"}],"wp:term":[{"taxonomy":"product_brand","embeddable":true,"href":"https:\/\/h-moser.com\/fr\/wp-json\/wp\/v2\/product_brand?post=10345"},{"taxonomy":"product_cat","embeddable":true,"href":"https:\/\/h-moser.com\/fr\/wp-json\/wp\/v2\/product_cat?post=10345"},{"taxonomy":"product_tag","embeddable":true,"href":"https:\/\/h-moser.com\/fr\/wp-json\/wp\/v2\/product_tag?post=10345"}],"curies":[{"name":"wp","href":"https:\/\/api.w.org\/{rel}","templated":true}]}}