{"id":10366,"date":"2020-08-10T18:04:43","date_gmt":"2020-08-31T13:34:13","guid":{"rendered":"https:\/\/dev.cosavostra.com\/hmoser\/product\/endeavour-tourbillon\/"},"modified":"2020-09-22T14:23:50","modified_gmt":"2020-09-22T12:23:50","slug":"endeavour-tourbillon-4","status":"publish","type":"product","link":"https:\/\/h-moser.com\/fr\/produit\/endeavour-tourbillon-4\/","title":{"rendered":"Endeavour Tourbillon"},"content":{"rendered":"<p>Le Endeavour Tourbillon en or blanc serti de diamants avec un cadran Funky Blue fum\u00e9 conf\u00e8re \u00e0 la sophistication l&rsquo;allure de la simplicit\u00e9, en unissant le style ultra-minimaliste de la version Concept de H. Moser &amp; Cie. (ni logo ni index) \u00e0 un tourbillon volant une minute \u00e0 double spiral. D&rsquo;une pr\u00e9cision exceptionnelle, ce tourbillon, par ses mouvements, offre un spectacle hypnotique au travers de son cadran muni d&rsquo;une ouverture partielle.<\/p>\n<p>&nbsp;<\/p>\n","protected":false},"excerpt":{"rendered":"<p>Le Endeavour Tourbillon en or blanc serti de diamants avec un cadran Funky Blue fum\u00e9 conf\u00e8re \u00e0 la sophistication l&rsquo;allure de la simplicit\u00e9, en unissant le style ultra-minimaliste de la version Concept de H. Moser &amp; Cie. (ni logo ni index) \u00e0 un tourbillon volant une minute \u00e0 double spiral. D&rsquo;une pr\u00e9cision exceptionnelle, ce tourbillon, &hellip; <a href=\"https:\/\/h-moser.com\/fr\/produit\/endeavour-tourbillon-4\/\">Continued<\/a><\/p>\n","protected":false},"featured_media":9505,"template":"","meta":{"_acf_changed":false,"_seopress_robots_primary_cat":"none","_seopress_titles_title":"","_seopress_titles_desc":"","_seopress_robots_index":""},"product_brand":[],"product_cat":[168,1896],"product_tag":[],"class_list":{"0":"post-10366","1":"product","2":"type-product","3":"status-publish","4":"has-post-thumbnail","6":"product_cat-endeavour-fr-2","7":"product_cat-endeavour-models-fr","9":"first","10":"unavailable","11":"shipping-taxable","12":"purchasable","13":"product-type-simple"},"acf":[],"_links":{"self":[{"href":"https:\/\/h-moser.com\/fr\/wp-json\/wp\/v2\/product\/10366","targetHints":{"allow":["GET"]}}],"collection":[{"href":"https:\/\/h-moser.com\/fr\/wp-json\/wp\/v2\/product"}],"about":[{"href":"https:\/\/h-moser.com\/fr\/wp-json\/wp\/v2\/types\/product"}],"wp:featuredmedia":[{"embeddable":true,"href":"https:\/\/h-moser.com\/fr\/wp-json\/wp\/v2\/media\/9505"}],"wp:attachment":[{"href":"https:\/\/h-moser.com\/fr\/wp-json\/wp\/v2\/media?parent=10366"}],"wp:term":[{"taxonomy":"product_brand","embeddable":true,"href":"https:\/\/h-moser.com\/fr\/wp-json\/wp\/v2\/product_brand?post=10366"},{"taxonomy":"product_cat","embeddable":true,"href":"https:\/\/h-moser.com\/fr\/wp-json\/wp\/v2\/product_cat?post=10366"},{"taxonomy":"product_tag","embeddable":true,"href":"https:\/\/h-moser.com\/fr\/wp-json\/wp\/v2\/product_tag?post=10366"}],"curies":[{"name":"wp","href":"https:\/\/api.w.org\/{rel}","templated":true}]}}