{"id":103712,"date":"2025-03-25T12:10:17","date_gmt":"2025-03-25T11:10:18","guid":{"rendered":"https:\/\/h-moser.com\/?post_type=product&#038;p=103712"},"modified":"2025-03-31T09:27:42","modified_gmt":"2025-03-31T07:27:42","slug":"endeavour-small-seconds-concept-pop-1202-1205","status":"publish","type":"product","link":"https:\/\/h-moser.com\/fr\/produit\/endeavour-small-seconds-concept-pop-1202-1205\/","title":{"rendered":"Endeavour Small Seconds Concept Pop"},"content":{"rendered":"<p>Fabriqu\u00e9 \u00e0 partir de jade de Birmanie rare, l\u2019Endeavour Small Seconds Concept Pop rend hommage \u00e0 une pierre pr\u00e9cieuse tr\u00e8s pris\u00e9e depuis des si\u00e8cles. Le cadran reste ici tr\u00e8s \u00e9pur\u00e9 \u2014 pas de logo, aucune distraction \u2014 juste l\u2019essence du jade sous sa forme la plus authentique. \u00c0 six heures, les petites secondes \u2014 fabriqu\u00e9e \u00e0 partir d\u2019opale rose du P\u00e9rou \u2014 veillent au bon \u00e9quilibre et apportent une touche de raffinement. Limit\u00e9e \u00e0 28 pi\u00e8ces, cette collection est une v\u00e9ritable \u0153uvre d\u2019art \u00e0 porter.<\/p>\n<p>&nbsp;<\/p>\n<p><a href=\"https:\/\/h-moser.com\/fr\/pop-collection\/\">D\u00e9couvrez la Pop Collection !<\/a><\/p>\n","protected":false},"excerpt":{"rendered":"<p>Fabriqu\u00e9 \u00e0 partir de jade de Birmanie rare, l\u2019Endeavour Small Seconds Concept Pop rend hommage \u00e0 une pierre pr\u00e9cieuse tr\u00e8s pris\u00e9e depuis des si\u00e8cles. Le cadran reste ici tr\u00e8s \u00e9pur\u00e9 \u2014 pas de logo, aucune distraction \u2014 juste l\u2019essence du jade sous sa forme la plus authentique. \u00c0 six heures, les petites secondes \u2014 fabriqu\u00e9e &hellip; <a href=\"https:\/\/h-moser.com\/fr\/produit\/endeavour-small-seconds-concept-pop-1202-1205\/\">Continued<\/a><\/p>\n","protected":false},"featured_media":103573,"template":"","meta":{"_acf_changed":false,"_seopress_robots_primary_cat":"none","_seopress_titles_title":"","_seopress_titles_desc":"","_seopress_robots_index":""},"product_brand":[],"product_cat":[168,2297],"product_tag":[],"class_list":{"0":"post-103712","1":"product","2":"type-product","3":"status-publish","4":"has-post-thumbnail","6":"product_cat-endeavour-fr-2","7":"product_cat-small-seconds-pop-collection-fr","9":"first","10":"instock","11":"shipping-taxable","12":"purchasable","13":"product-type-simple"},"acf":[],"_links":{"self":[{"href":"https:\/\/h-moser.com\/fr\/wp-json\/wp\/v2\/product\/103712","targetHints":{"allow":["GET"]}}],"collection":[{"href":"https:\/\/h-moser.com\/fr\/wp-json\/wp\/v2\/product"}],"about":[{"href":"https:\/\/h-moser.com\/fr\/wp-json\/wp\/v2\/types\/product"}],"wp:featuredmedia":[{"embeddable":true,"href":"https:\/\/h-moser.com\/fr\/wp-json\/wp\/v2\/media\/103573"}],"wp:attachment":[{"href":"https:\/\/h-moser.com\/fr\/wp-json\/wp\/v2\/media?parent=103712"}],"wp:term":[{"taxonomy":"product_brand","embeddable":true,"href":"https:\/\/h-moser.com\/fr\/wp-json\/wp\/v2\/product_brand?post=103712"},{"taxonomy":"product_cat","embeddable":true,"href":"https:\/\/h-moser.com\/fr\/wp-json\/wp\/v2\/product_cat?post=103712"},{"taxonomy":"product_tag","embeddable":true,"href":"https:\/\/h-moser.com\/fr\/wp-json\/wp\/v2\/product_tag?post=103712"}],"curies":[{"name":"wp","href":"https:\/\/api.w.org\/{rel}","templated":true}]}}