{"id":103717,"date":"2025-03-25T12:35:20","date_gmt":"2025-03-25T11:35:20","guid":{"rendered":"https:\/\/h-moser.com\/?post_type=product&#038;p=103717"},"modified":"2025-03-31T11:17:11","modified_gmt":"2025-03-31T09:17:11","slug":"endeavour-tourbillon-concept-pop-1805-1206","status":"publish","type":"product","link":"https:\/\/h-moser.com\/fr\/produit\/endeavour-tourbillon-concept-pop-1805-1206\/","title":{"rendered":"Endeavour Tourbillon Concept Pop"},"content":{"rendered":"<p>L\u2019Endeavour Tourbillon Concept Pop en jade de Birmanie attire tous les regards avec sa puret\u00e9 incroyable et ses nuances d\u2019un vert profond. D\u00e9barrass\u00e9 de tout \u00e9l\u00e9ment superflu, le cadran en jade, rehauss\u00e9 d\u2019opale rose du P\u00e9rou du plus haut niveau de qualit\u00e9, occupe le devant de la sc\u00e8ne avec son tourbillon volant une minute \u00e9quip\u00e9 d\u2019un double spiral. Ce garde-temps est limit\u00e9 \u00e0 8 exemplaires, ce qui en fait une pi\u00e8ce aussi exceptionnelle que les pierres qui le composent.<\/p>\n<p>&nbsp;<\/p>\n<p><a href=\"https:\/\/h-moser.com\/fr\/pop-collection\/\">D\u00e9couvrez la Pop Collection !<\/a><\/p>\n","protected":false},"excerpt":{"rendered":"<p>L\u2019Endeavour Tourbillon Concept Pop en jade de Birmanie attire tous les regards avec sa puret\u00e9 incroyable et ses nuances d\u2019un vert profond. D\u00e9barrass\u00e9 de tout \u00e9l\u00e9ment superflu, le cadran en jade, rehauss\u00e9 d\u2019opale rose du P\u00e9rou du plus haut niveau de qualit\u00e9, occupe le devant de la sc\u00e8ne avec son tourbillon volant une minute \u00e9quip\u00e9 &hellip; <a href=\"https:\/\/h-moser.com\/fr\/produit\/endeavour-tourbillon-concept-pop-1805-1206\/\">Continued<\/a><\/p>\n","protected":false},"featured_media":103657,"template":"","meta":{"_acf_changed":false,"_seopress_robots_primary_cat":"none","_seopress_titles_title":"","_seopress_titles_desc":"","_seopress_robots_index":""},"product_brand":[],"product_cat":[168,2305],"product_tag":[],"class_list":{"0":"post-103717","1":"product","2":"type-product","3":"status-publish","4":"has-post-thumbnail","6":"product_cat-endeavour-fr-2","7":"product_cat-tourbillon-pop-collection-fr","9":"first","10":"instock","11":"shipping-taxable","12":"purchasable","13":"product-type-simple"},"acf":[],"_links":{"self":[{"href":"https:\/\/h-moser.com\/fr\/wp-json\/wp\/v2\/product\/103717","targetHints":{"allow":["GET"]}}],"collection":[{"href":"https:\/\/h-moser.com\/fr\/wp-json\/wp\/v2\/product"}],"about":[{"href":"https:\/\/h-moser.com\/fr\/wp-json\/wp\/v2\/types\/product"}],"wp:featuredmedia":[{"embeddable":true,"href":"https:\/\/h-moser.com\/fr\/wp-json\/wp\/v2\/media\/103657"}],"wp:attachment":[{"href":"https:\/\/h-moser.com\/fr\/wp-json\/wp\/v2\/media?parent=103717"}],"wp:term":[{"taxonomy":"product_brand","embeddable":true,"href":"https:\/\/h-moser.com\/fr\/wp-json\/wp\/v2\/product_brand?post=103717"},{"taxonomy":"product_cat","embeddable":true,"href":"https:\/\/h-moser.com\/fr\/wp-json\/wp\/v2\/product_cat?post=103717"},{"taxonomy":"product_tag","embeddable":true,"href":"https:\/\/h-moser.com\/fr\/wp-json\/wp\/v2\/product_tag?post=103717"}],"curies":[{"name":"wp","href":"https:\/\/api.w.org\/{rel}","templated":true}]}}