{"id":10374,"date":"2020-08-10T18:10:55","date_gmt":"2020-08-31T13:39:30","guid":{"rendered":"https:\/\/dev.cosavostra.com\/hmoser\/product\/endeavour-tourbillon\/"},"modified":"2021-04-06T09:10:45","modified_gmt":"2021-04-06T07:10:45","slug":"endeavour-tourbillon-5","status":"publish","type":"product","link":"https:\/\/h-moser.com\/fr\/produit\/endeavour-tourbillon-5\/","title":{"rendered":"Endeavour Tourbillon"},"content":{"rendered":"<p>Plus noir que la nuit: H. Moser &amp; Cie. combine son ing\u00e9nieux tourbillon volant \u00e0 double spiral au mat\u00e9riau le plus sombre jamais cr\u00e9\u00e9\u00a0: le Vantablack\u00ae. Le Endeavour Tourbillon en or blanc avec un cadran Vantablack\u00ae incarne la quintessence de la sobri\u00e9t\u00e9\u00a0: le cadran, d&rsquo;un noir saisissant, vierge de tout logo, index ou fioriture met en vedette le tourbillon au charme hypnotique.<\/p>\n","protected":false},"excerpt":{"rendered":"<p>Plus noir que la nuit: H. Moser &amp; Cie. combine son ing\u00e9nieux tourbillon volant \u00e0 double spiral au mat\u00e9riau le plus sombre jamais cr\u00e9\u00e9\u00a0: le Vantablack\u00ae. Le Endeavour Tourbillon en or blanc avec un cadran Vantablack\u00ae incarne la quintessence de la sobri\u00e9t\u00e9\u00a0: le cadran, d&rsquo;un noir saisissant, vierge de tout logo, index ou fioriture met &hellip; <a href=\"https:\/\/h-moser.com\/fr\/produit\/endeavour-tourbillon-5\/\">Continued<\/a><\/p>\n","protected":false},"featured_media":9547,"template":"","meta":{"_acf_changed":false,"_seopress_robots_primary_cat":"none","_seopress_titles_title":"","_seopress_titles_desc":"","_seopress_robots_index":""},"product_brand":[],"product_cat":[168,1896],"product_tag":[],"class_list":{"0":"post-10374","1":"product","2":"type-product","3":"status-publish","4":"has-post-thumbnail","6":"product_cat-endeavour-fr-2","7":"product_cat-endeavour-models-fr","9":"first","10":"unavailable","11":"shipping-taxable","12":"purchasable","13":"product-type-simple"},"acf":[],"_links":{"self":[{"href":"https:\/\/h-moser.com\/fr\/wp-json\/wp\/v2\/product\/10374","targetHints":{"allow":["GET"]}}],"collection":[{"href":"https:\/\/h-moser.com\/fr\/wp-json\/wp\/v2\/product"}],"about":[{"href":"https:\/\/h-moser.com\/fr\/wp-json\/wp\/v2\/types\/product"}],"wp:featuredmedia":[{"embeddable":true,"href":"https:\/\/h-moser.com\/fr\/wp-json\/wp\/v2\/media\/9547"}],"wp:attachment":[{"href":"https:\/\/h-moser.com\/fr\/wp-json\/wp\/v2\/media?parent=10374"}],"wp:term":[{"taxonomy":"product_brand","embeddable":true,"href":"https:\/\/h-moser.com\/fr\/wp-json\/wp\/v2\/product_brand?post=10374"},{"taxonomy":"product_cat","embeddable":true,"href":"https:\/\/h-moser.com\/fr\/wp-json\/wp\/v2\/product_cat?post=10374"},{"taxonomy":"product_tag","embeddable":true,"href":"https:\/\/h-moser.com\/fr\/wp-json\/wp\/v2\/product_tag?post=10374"}],"curies":[{"name":"wp","href":"https:\/\/api.w.org\/{rel}","templated":true}]}}