{"id":103742,"date":"2025-03-25T16:46:24","date_gmt":"2025-03-25T15:46:24","guid":{"rendered":"https:\/\/h-moser.com\/?post_type=product&#038;p=103742"},"modified":"2025-03-31T09:04:21","modified_gmt":"2025-03-31T07:04:21","slug":"endeavour-minute-repeater-tourbillon-concept-pop-1904-0409","status":"publish","type":"product","link":"https:\/\/h-moser.com\/fr\/produit\/endeavour-minute-repeater-tourbillon-concept-pop-1904-0409\/","title":{"rendered":"Endeavour Minute Repeater Tourbillon Concept Pop"},"content":{"rendered":"<p>La Endeavour Minute Repeater Tourbillon Concept Pop en jade de Birmanie est une v\u00e9ritable symphonie d\u2019horlogerie. Le jade de Birmanie \u2014 tr\u00e8s appr\u00e9ci\u00e9 pour sa puret\u00e9 et sa couleur profonde \u2014 brille d\u2019un \u00e9clat hypnotique, tandis que la touche de rose assure un contrast\u00e9 tr\u00e8s po\u00e9tique. La puret\u00e9 de cette pi\u00e8ce se refl\u00e8te dans son esth\u00e9tique minimaliste \u2014 pas de logo, pas d\u2019index \u2014 juste un cadran \u00e0 couper le souffle, un tourbillon volant \u00e0 six heures, des marteaux et des timbres visibles sur le c\u00f4t\u00e9 du cadran qui donnent vie \u00e0 la sonnerie de la r\u00e9p\u00e9tition minutes.<\/p>\n<p>&nbsp;<\/p>\n<p><a href=\"https:\/\/h-moser.com\/fr\/pop-collection\/\">D\u00e9couvrez la Pop Collection !<\/a><\/p>\n","protected":false},"excerpt":{"rendered":"<p>La Endeavour Minute Repeater Tourbillon Concept Pop en jade de Birmanie est une v\u00e9ritable symphonie d\u2019horlogerie. Le jade de Birmanie \u2014 tr\u00e8s appr\u00e9ci\u00e9 pour sa puret\u00e9 et sa couleur profonde \u2014 brille d\u2019un \u00e9clat hypnotique, tandis que la touche de rose assure un contrast\u00e9 tr\u00e8s po\u00e9tique. La puret\u00e9 de cette pi\u00e8ce se refl\u00e8te dans son &hellip; <a href=\"https:\/\/h-moser.com\/fr\/produit\/endeavour-minute-repeater-tourbillon-concept-pop-1904-0409\/\">Continued<\/a><\/p>\n","protected":false},"featured_media":104585,"template":"","meta":{"_acf_changed":false,"_seopress_robots_primary_cat":"none","_seopress_titles_title":"","_seopress_titles_desc":"","_seopress_robots_index":""},"product_brand":[],"product_cat":[168,2301],"product_tag":[],"class_list":{"0":"post-103742","1":"product","2":"type-product","3":"status-publish","4":"has-post-thumbnail","6":"product_cat-endeavour-fr-2","7":"product_cat-minute-repeater-pop-collection-fr","9":"first","10":"instock","11":"shipping-taxable","12":"product-type-simple"},"acf":[],"_links":{"self":[{"href":"https:\/\/h-moser.com\/fr\/wp-json\/wp\/v2\/product\/103742","targetHints":{"allow":["GET"]}}],"collection":[{"href":"https:\/\/h-moser.com\/fr\/wp-json\/wp\/v2\/product"}],"about":[{"href":"https:\/\/h-moser.com\/fr\/wp-json\/wp\/v2\/types\/product"}],"wp:featuredmedia":[{"embeddable":true,"href":"https:\/\/h-moser.com\/fr\/wp-json\/wp\/v2\/media\/104585"}],"wp:attachment":[{"href":"https:\/\/h-moser.com\/fr\/wp-json\/wp\/v2\/media?parent=103742"}],"wp:term":[{"taxonomy":"product_brand","embeddable":true,"href":"https:\/\/h-moser.com\/fr\/wp-json\/wp\/v2\/product_brand?post=103742"},{"taxonomy":"product_cat","embeddable":true,"href":"https:\/\/h-moser.com\/fr\/wp-json\/wp\/v2\/product_cat?post=103742"},{"taxonomy":"product_tag","embeddable":true,"href":"https:\/\/h-moser.com\/fr\/wp-json\/wp\/v2\/product_tag?post=103742"}],"curies":[{"name":"wp","href":"https:\/\/api.w.org\/{rel}","templated":true}]}}