{"id":103944,"date":"2025-05-05T17:51:48","date_gmt":"2025-03-25T16:51:49","guid":{"rendered":"https:\/\/h-moser.com\/?post_type=product&#038;p=103944"},"modified":"2025-05-06T10:39:54","modified_gmt":"2025-05-06T08:39:54","slug":"endeavour-small-seconds-concept-pop-1202-1203","status":"publish","type":"product","link":"https:\/\/h-moser.com\/fr\/produit\/endeavour-small-seconds-concept-pop-1202-1203\/","title":{"rendered":"Endeavour Small Seconds Concept Pop"},"content":{"rendered":"<p>V\u00e9ritable \u0153uvre d\u2019\u00e9l\u00e9gance et de douceur, le mod\u00e8le Endeavour Small Seconds Concept Pop en opale rose du P\u00e9rou capture l\u2019essence de cette pierre pr\u00e9cieuse exceptionnellement rare, connue pour ses motifs qui \u00e9voquent des nuages. Avec le jade de Birmanie, le cadran rayonne de chaleur, sans qu\u2019aucun logo ne vienne d\u00e9tourner l\u2019attention de sa beaut\u00e9 pure et authentique. \u00c0 six heures, les petites secondes assurent un rythme visuel \u00e9pur\u00e9. Limit\u00e9es \u00e0 seulement 28 pi\u00e8ces, ces montres sont un v\u00e9ritable hommage \u00e0 l&rsquo;harmonie entre les mat\u00e9riaux et l\u2019artisanat.<\/p>\n<p>&nbsp;<\/p>\n<p><a href=\"https:\/\/h-moser.com\/fr\/pop-collection\/\">D\u00e9couvrez la Pop Collection !<\/a><\/p>\n","protected":false},"excerpt":{"rendered":"<p>V\u00e9ritable \u0153uvre d\u2019\u00e9l\u00e9gance et de douceur, le mod\u00e8le Endeavour Small Seconds Concept Pop en opale rose du P\u00e9rou capture l\u2019essence de cette pierre pr\u00e9cieuse exceptionnellement rare, connue pour ses motifs qui \u00e9voquent des nuages. Avec le jade de Birmanie, le cadran rayonne de chaleur, sans qu\u2019aucun logo ne vienne d\u00e9tourner l\u2019attention de sa beaut\u00e9 pure &hellip; <a href=\"https:\/\/h-moser.com\/fr\/produit\/endeavour-small-seconds-concept-pop-1202-1203\/\">Continued<\/a><\/p>\n","protected":false},"featured_media":103545,"template":"","meta":{"_acf_changed":false,"_seopress_robots_primary_cat":"none","_seopress_titles_title":"","_seopress_titles_desc":"","_seopress_robots_index":""},"product_brand":[],"product_cat":[168,2297],"product_tag":[],"class_list":{"0":"post-103944","1":"product","2":"type-product","3":"status-publish","4":"has-post-thumbnail","6":"product_cat-endeavour-fr-2","7":"product_cat-small-seconds-pop-collection-fr","9":"first","10":"instock","11":"shipping-taxable","12":"purchasable","13":"product-type-simple"},"acf":[],"_links":{"self":[{"href":"https:\/\/h-moser.com\/fr\/wp-json\/wp\/v2\/product\/103944","targetHints":{"allow":["GET"]}}],"collection":[{"href":"https:\/\/h-moser.com\/fr\/wp-json\/wp\/v2\/product"}],"about":[{"href":"https:\/\/h-moser.com\/fr\/wp-json\/wp\/v2\/types\/product"}],"wp:featuredmedia":[{"embeddable":true,"href":"https:\/\/h-moser.com\/fr\/wp-json\/wp\/v2\/media\/103545"}],"wp:attachment":[{"href":"https:\/\/h-moser.com\/fr\/wp-json\/wp\/v2\/media?parent=103944"}],"wp:term":[{"taxonomy":"product_brand","embeddable":true,"href":"https:\/\/h-moser.com\/fr\/wp-json\/wp\/v2\/product_brand?post=103944"},{"taxonomy":"product_cat","embeddable":true,"href":"https:\/\/h-moser.com\/fr\/wp-json\/wp\/v2\/product_cat?post=103944"},{"taxonomy":"product_tag","embeddable":true,"href":"https:\/\/h-moser.com\/fr\/wp-json\/wp\/v2\/product_tag?post=103944"}],"curies":[{"name":"wp","href":"https:\/\/api.w.org\/{rel}","templated":true}]}}