{"id":103949,"date":"2025-03-25T17:58:24","date_gmt":"2025-03-25T16:58:24","guid":{"rendered":"https:\/\/h-moser.com\/?post_type=product&#038;p=103949"},"modified":"2025-03-31T11:18:00","modified_gmt":"2025-03-31T09:18:00","slug":"endeavour-tourbillon-concept-pop-1805-1204","status":"publish","type":"product","link":"https:\/\/h-moser.com\/fr\/produit\/endeavour-tourbillon-concept-pop-1805-1204\/","title":{"rendered":"Endeavour Tourbillon Concept Pop"},"content":{"rendered":"<p>Remarquable incarnation de la haute horlogerie, la Endeavour Tourbillon Concept Pop en opale rose captive par sa luminosit\u00e9 sans \u00e9gale. Le cadran, subtilement rehauss\u00e9 de jade de Birmanie, offre un jeu de nuances \u00e0 la fois d\u00e9licat et saisissant qui permet au tourbillon volant une minute, situ\u00e9 \u00e0 six heures, d\u2019occuper le devant de la sc\u00e8ne. Cette conception \u00e9pur\u00e9e sans aucun \u00e9l\u00e9ment superflu permet aux pierres de raconter leur histoire. Limit\u00e9 \u00e0 8 pi\u00e8ces, ce garde-temps met en valeur la beaut\u00e9 naturelle et la ma\u00eetrise horlog\u00e8re de fa\u00e7on brillante et rare.<\/p>\n<p>&nbsp;<\/p>\n<p><a href=\"https:\/\/h-moser.com\/fr\/pop-collection\/\">D\u00e9couvrez la Pop Collection !<\/a><\/p>\n","protected":false},"excerpt":{"rendered":"<p>Remarquable incarnation de la haute horlogerie, la Endeavour Tourbillon Concept Pop en opale rose captive par sa luminosit\u00e9 sans \u00e9gale. Le cadran, subtilement rehauss\u00e9 de jade de Birmanie, offre un jeu de nuances \u00e0 la fois d\u00e9licat et saisissant qui permet au tourbillon volant une minute, situ\u00e9 \u00e0 six heures, d\u2019occuper le devant de la &hellip; <a href=\"https:\/\/h-moser.com\/fr\/produit\/endeavour-tourbillon-concept-pop-1805-1204\/\">Continued<\/a><\/p>\n","protected":false},"featured_media":103629,"template":"","meta":{"_acf_changed":false,"_seopress_robots_primary_cat":"none","_seopress_titles_title":"","_seopress_titles_desc":"","_seopress_robots_index":""},"product_brand":[],"product_cat":[168,2305],"product_tag":[],"class_list":{"0":"post-103949","1":"product","2":"type-product","3":"status-publish","4":"has-post-thumbnail","6":"product_cat-endeavour-fr-2","7":"product_cat-tourbillon-pop-collection-fr","9":"first","10":"instock","11":"shipping-taxable","12":"purchasable","13":"product-type-simple"},"acf":[],"_links":{"self":[{"href":"https:\/\/h-moser.com\/fr\/wp-json\/wp\/v2\/product\/103949","targetHints":{"allow":["GET"]}}],"collection":[{"href":"https:\/\/h-moser.com\/fr\/wp-json\/wp\/v2\/product"}],"about":[{"href":"https:\/\/h-moser.com\/fr\/wp-json\/wp\/v2\/types\/product"}],"wp:featuredmedia":[{"embeddable":true,"href":"https:\/\/h-moser.com\/fr\/wp-json\/wp\/v2\/media\/103629"}],"wp:attachment":[{"href":"https:\/\/h-moser.com\/fr\/wp-json\/wp\/v2\/media?parent=103949"}],"wp:term":[{"taxonomy":"product_brand","embeddable":true,"href":"https:\/\/h-moser.com\/fr\/wp-json\/wp\/v2\/product_brand?post=103949"},{"taxonomy":"product_cat","embeddable":true,"href":"https:\/\/h-moser.com\/fr\/wp-json\/wp\/v2\/product_cat?post=103949"},{"taxonomy":"product_tag","embeddable":true,"href":"https:\/\/h-moser.com\/fr\/wp-json\/wp\/v2\/product_tag?post=103949"}],"curies":[{"name":"wp","href":"https:\/\/api.w.org\/{rel}","templated":true}]}}