{"id":103954,"date":"2025-03-25T18:19:26","date_gmt":"2025-03-25T17:19:26","guid":{"rendered":"https:\/\/h-moser.com\/?post_type=product&#038;p=103954"},"modified":"2025-03-31T08:37:56","modified_gmt":"2025-03-31T06:37:56","slug":"endeavour-minute-repeater-tourbillon-concept-pop-1904-0407","status":"publish","type":"product","link":"https:\/\/h-moser.com\/fr\/produit\/endeavour-minute-repeater-tourbillon-concept-pop-1904-0407\/","title":{"rendered":"Endeavour Minute Repeater Tourbillon Concept Pop"},"content":{"rendered":"<p>La Endeavour Minute Repeater Tourbillon Concept Pop en opale rose est absolument unique et brille d\u2019un \u00e9clat doux. La composition minimaliste du cadran, sans logo ni chiffres, permet aux pierres de briller, tandis que le tourbillon volant \u00e0 six heures avec les marteaux et les timbres visibles sur le c\u00f4t\u00e9 du cadran donnent vie \u00e0 la m\u00e9lodie de la r\u00e9p\u00e9tition minutes.<\/p>\n<p>&nbsp;<\/p>\n<p><a href=\"https:\/\/h-moser.com\/fr\/pop-collection\/\">D\u00e9couvrez la Pop Collection!<\/a><\/p>\n<p>&nbsp;<\/p>\n","protected":false},"excerpt":{"rendered":"<p>La Endeavour Minute Repeater Tourbillon Concept Pop en opale rose est absolument unique et brille d\u2019un \u00e9clat doux. La composition minimaliste du cadran, sans logo ni chiffres, permet aux pierres de briller, tandis que le tourbillon volant \u00e0 six heures avec les marteaux et les timbres visibles sur le c\u00f4t\u00e9 du cadran donnent vie \u00e0 &hellip; <a href=\"https:\/\/h-moser.com\/fr\/produit\/endeavour-minute-repeater-tourbillon-concept-pop-1904-0407\/\">Continued<\/a><\/p>\n","protected":false},"featured_media":104557,"template":"","meta":{"_acf_changed":false,"_seopress_robots_primary_cat":"none","_seopress_titles_title":"","_seopress_titles_desc":"","_seopress_robots_index":""},"product_brand":[],"product_cat":[168,2301],"product_tag":[],"class_list":{"0":"post-103954","1":"product","2":"type-product","3":"status-publish","4":"has-post-thumbnail","6":"product_cat-endeavour-fr-2","7":"product_cat-minute-repeater-pop-collection-fr","9":"first","10":"instock","11":"shipping-taxable","12":"product-type-simple"},"acf":[],"_links":{"self":[{"href":"https:\/\/h-moser.com\/fr\/wp-json\/wp\/v2\/product\/103954","targetHints":{"allow":["GET"]}}],"collection":[{"href":"https:\/\/h-moser.com\/fr\/wp-json\/wp\/v2\/product"}],"about":[{"href":"https:\/\/h-moser.com\/fr\/wp-json\/wp\/v2\/types\/product"}],"wp:featuredmedia":[{"embeddable":true,"href":"https:\/\/h-moser.com\/fr\/wp-json\/wp\/v2\/media\/104557"}],"wp:attachment":[{"href":"https:\/\/h-moser.com\/fr\/wp-json\/wp\/v2\/media?parent=103954"}],"wp:term":[{"taxonomy":"product_brand","embeddable":true,"href":"https:\/\/h-moser.com\/fr\/wp-json\/wp\/v2\/product_brand?post=103954"},{"taxonomy":"product_cat","embeddable":true,"href":"https:\/\/h-moser.com\/fr\/wp-json\/wp\/v2\/product_cat?post=103954"},{"taxonomy":"product_tag","embeddable":true,"href":"https:\/\/h-moser.com\/fr\/wp-json\/wp\/v2\/product_tag?post=103954"}],"curies":[{"name":"wp","href":"https:\/\/api.w.org\/{rel}","templated":true}]}}