{"id":103980,"date":"2025-03-25T18:26:12","date_gmt":"2025-03-25T17:26:12","guid":{"rendered":"https:\/\/h-moser.com\/?post_type=product&#038;p=103980"},"modified":"2025-03-31T09:35:44","modified_gmt":"2025-03-31T07:35:44","slug":"endeavour-small-seconds-concept-pop-1202-1204","status":"publish","type":"product","link":"https:\/\/h-moser.com\/fr\/produit\/endeavour-small-seconds-concept-pop-1202-1204\/","title":{"rendered":"Endeavour Small Seconds Concept Pop"},"content":{"rendered":"<p>La Endeavour Small Seconds Concept Pop en lapis-lazuli est un v\u00e9ritable hommage \u00e0 cette pierre semi-pr\u00e9cieuse, qui a captiv\u00e9 les artistes pendant des si\u00e8cles. Dans ces mod\u00e8les sans logos, ni chiffres, c\u2019est la beaut\u00e9 brute de la pierre pr\u00e9cieuse \u2014 s\u00e9lectionn\u00e9e pour sa teinte de bleu vive et lumineuse \u2014 qui est mise en avant. Les petites secondes \u00e0 six heures sont en chrysoprase citron, ce qui apporte un contraste vibrant au raffinement de la composition. Ce mod\u00e8le est limit\u00e9 \u00e0 28 pi\u00e8ces et exprime toute l\u2019audace de notre \u00e8re pop.<\/p>\n<p>&nbsp;<\/p>\n<p><a href=\"https:\/\/h-moser.com\/fr\/pop-collection\/\">D\u00e9couvrez la Pop Collection !<\/a><\/p>\n","protected":false},"excerpt":{"rendered":"<p>La Endeavour Small Seconds Concept Pop en lapis-lazuli est un v\u00e9ritable hommage \u00e0 cette pierre semi-pr\u00e9cieuse, qui a captiv\u00e9 les artistes pendant des si\u00e8cles. Dans ces mod\u00e8les sans logos, ni chiffres, c\u2019est la beaut\u00e9 brute de la pierre pr\u00e9cieuse \u2014 s\u00e9lectionn\u00e9e pour sa teinte de bleu vive et lumineuse \u2014 qui est mise en avant. &hellip; <a href=\"https:\/\/h-moser.com\/fr\/produit\/endeavour-small-seconds-concept-pop-1202-1204\/\">Continued<\/a><\/p>\n","protected":false},"featured_media":103559,"template":"","meta":{"_acf_changed":false,"_seopress_robots_primary_cat":"none","_seopress_titles_title":"","_seopress_titles_desc":"","_seopress_robots_index":""},"product_brand":[],"product_cat":[168,2297],"product_tag":[],"class_list":{"0":"post-103980","1":"product","2":"type-product","3":"status-publish","4":"has-post-thumbnail","6":"product_cat-endeavour-fr-2","7":"product_cat-small-seconds-pop-collection-fr","9":"first","10":"instock","11":"shipping-taxable","12":"purchasable","13":"product-type-simple"},"acf":[],"_links":{"self":[{"href":"https:\/\/h-moser.com\/fr\/wp-json\/wp\/v2\/product\/103980","targetHints":{"allow":["GET"]}}],"collection":[{"href":"https:\/\/h-moser.com\/fr\/wp-json\/wp\/v2\/product"}],"about":[{"href":"https:\/\/h-moser.com\/fr\/wp-json\/wp\/v2\/types\/product"}],"wp:featuredmedia":[{"embeddable":true,"href":"https:\/\/h-moser.com\/fr\/wp-json\/wp\/v2\/media\/103559"}],"wp:attachment":[{"href":"https:\/\/h-moser.com\/fr\/wp-json\/wp\/v2\/media?parent=103980"}],"wp:term":[{"taxonomy":"product_brand","embeddable":true,"href":"https:\/\/h-moser.com\/fr\/wp-json\/wp\/v2\/product_brand?post=103980"},{"taxonomy":"product_cat","embeddable":true,"href":"https:\/\/h-moser.com\/fr\/wp-json\/wp\/v2\/product_cat?post=103980"},{"taxonomy":"product_tag","embeddable":true,"href":"https:\/\/h-moser.com\/fr\/wp-json\/wp\/v2\/product_tag?post=103980"}],"curies":[{"name":"wp","href":"https:\/\/api.w.org\/{rel}","templated":true}]}}