{"id":103985,"date":"2025-05-05T17:30:49","date_gmt":"2025-03-25T17:30:49","guid":{"rendered":"https:\/\/h-moser.com\/?post_type=product&#038;p=103985"},"modified":"2025-05-06T12:08:17","modified_gmt":"2025-05-06T10:08:17","slug":"endeavour-tourbillon-concept-pop-1805-1205","status":"publish","type":"product","link":"https:\/\/h-moser.com\/fr\/produit\/endeavour-tourbillon-concept-pop-1805-1205\/","title":{"rendered":"Endeavour Tourbillon Concept Pop"},"content":{"rendered":"<p>La Endeavour Tourbillon Concept Pop en lapis-lazuli attire toute l\u2019attention avec sa profondeur bleu outremer riche. Cette pierre semi-pr\u00e9cieuse a \u00e9t\u00e9 longtemps tr\u00e8s pris\u00e9e des familles royales et des artistes. Rehauss\u00e9e de chrysoprase citron, cette \u0153uvre d\u2019art minimaliste est mise en valeur par le mouvement envo\u00fbtant du tourbillon volant une minute \u2014 \u00e9quip\u00e9 de notre double spiral embl\u00e9matique \u2014 \u00e0 six heures. Ce garde-temps est limit\u00e9 \u00e0 huit exemplaires, ce qui en fait une pi\u00e8ce tr\u00e8s rare, au carrefour entre h\u00e9ritage et innovation.<\/p>\n<p>&nbsp;<\/p>\n<p><a href=\"https:\/\/h-moser.com\/fr\/pop-collection\/\">D\u00e9couvrez la Pop Collection !<\/a><\/p>\n","protected":false},"excerpt":{"rendered":"<p>La Endeavour Tourbillon Concept Pop en lapis-lazuli attire toute l\u2019attention avec sa profondeur bleu outremer riche. Cette pierre semi-pr\u00e9cieuse a \u00e9t\u00e9 longtemps tr\u00e8s pris\u00e9e des familles royales et des artistes. Rehauss\u00e9e de chrysoprase citron, cette \u0153uvre d\u2019art minimaliste est mise en valeur par le mouvement envo\u00fbtant du tourbillon volant une minute \u2014 \u00e9quip\u00e9 de notre &hellip; <a href=\"https:\/\/h-moser.com\/fr\/produit\/endeavour-tourbillon-concept-pop-1805-1205\/\">Continued<\/a><\/p>\n","protected":false},"featured_media":103643,"template":"","meta":{"_acf_changed":false,"_seopress_robots_primary_cat":"none","_seopress_titles_title":"","_seopress_titles_desc":"","_seopress_robots_index":""},"product_brand":[],"product_cat":[168,2305],"product_tag":[],"class_list":{"0":"post-103985","1":"product","2":"type-product","3":"status-publish","4":"has-post-thumbnail","6":"product_cat-endeavour-fr-2","7":"product_cat-tourbillon-pop-collection-fr","9":"first","10":"instock","11":"shipping-taxable","12":"purchasable","13":"product-type-simple"},"acf":[],"_links":{"self":[{"href":"https:\/\/h-moser.com\/fr\/wp-json\/wp\/v2\/product\/103985","targetHints":{"allow":["GET"]}}],"collection":[{"href":"https:\/\/h-moser.com\/fr\/wp-json\/wp\/v2\/product"}],"about":[{"href":"https:\/\/h-moser.com\/fr\/wp-json\/wp\/v2\/types\/product"}],"wp:featuredmedia":[{"embeddable":true,"href":"https:\/\/h-moser.com\/fr\/wp-json\/wp\/v2\/media\/103643"}],"wp:attachment":[{"href":"https:\/\/h-moser.com\/fr\/wp-json\/wp\/v2\/media?parent=103985"}],"wp:term":[{"taxonomy":"product_brand","embeddable":true,"href":"https:\/\/h-moser.com\/fr\/wp-json\/wp\/v2\/product_brand?post=103985"},{"taxonomy":"product_cat","embeddable":true,"href":"https:\/\/h-moser.com\/fr\/wp-json\/wp\/v2\/product_cat?post=103985"},{"taxonomy":"product_tag","embeddable":true,"href":"https:\/\/h-moser.com\/fr\/wp-json\/wp\/v2\/product_tag?post=103985"}],"curies":[{"name":"wp","href":"https:\/\/api.w.org\/{rel}","templated":true}]}}