{"id":103990,"date":"2025-03-25T18:35:50","date_gmt":"2025-03-25T17:35:51","guid":{"rendered":"https:\/\/h-moser.com\/?post_type=product&#038;p=103990"},"modified":"2025-03-31T09:04:44","modified_gmt":"2025-03-31T07:04:44","slug":"endeavour-minute-repeater-tourbillon-concept-pop-1904-0408","status":"publish","type":"product","link":"https:\/\/h-moser.com\/fr\/produit\/endeavour-minute-repeater-tourbillon-concept-pop-1904-0408\/","title":{"rendered":"Endeavour Minute Repeater Tourbillon Concept Pop"},"content":{"rendered":"<p>La Endeavour Minute Repeater Tourbillon Concept Pop en lapis-lazuli est un chef d\u2019\u0153uvre de profondeur visuelle et sonore. Sa forme minimaliste, d\u00e9barrass\u00e9e de toute distraction, attire encore davantage l\u2019attention sur le tourbillon volant \u00e0 six heures, tandis que les marteaux et les timbres visibles sur le c\u00f4t\u00e9 du cadran donnent vie \u00e0 la r\u00e9p\u00e9tition minutes. Cette cr\u00e9ation unique en son genre est une v\u00e9ritable ode au bleu.<\/p>\n<p>&nbsp;<\/p>\n<p><a href=\"https:\/\/h-moser.com\/fr\/pop-collection\/\">D\u00e9couvrez la Pop Collection !<\/a><\/p>\n","protected":false},"excerpt":{"rendered":"<p>La Endeavour Minute Repeater Tourbillon Concept Pop en lapis-lazuli est un chef d\u2019\u0153uvre de profondeur visuelle et sonore. Sa forme minimaliste, d\u00e9barrass\u00e9e de toute distraction, attire encore davantage l\u2019attention sur le tourbillon volant \u00e0 six heures, tandis que les marteaux et les timbres visibles sur le c\u00f4t\u00e9 du cadran donnent vie \u00e0 la r\u00e9p\u00e9tition minutes. &hellip; <a href=\"https:\/\/h-moser.com\/fr\/produit\/endeavour-minute-repeater-tourbillon-concept-pop-1904-0408\/\">Continued<\/a><\/p>\n","protected":false},"featured_media":104571,"template":"","meta":{"_acf_changed":false,"_seopress_robots_primary_cat":"none","_seopress_titles_title":"","_seopress_titles_desc":"","_seopress_robots_index":""},"product_brand":[],"product_cat":[168,2301],"product_tag":[],"class_list":{"0":"post-103990","1":"product","2":"type-product","3":"status-publish","4":"has-post-thumbnail","6":"product_cat-endeavour-fr-2","7":"product_cat-minute-repeater-pop-collection-fr","9":"first","10":"instock","11":"shipping-taxable","12":"product-type-simple"},"acf":[],"_links":{"self":[{"href":"https:\/\/h-moser.com\/fr\/wp-json\/wp\/v2\/product\/103990","targetHints":{"allow":["GET"]}}],"collection":[{"href":"https:\/\/h-moser.com\/fr\/wp-json\/wp\/v2\/product"}],"about":[{"href":"https:\/\/h-moser.com\/fr\/wp-json\/wp\/v2\/types\/product"}],"wp:featuredmedia":[{"embeddable":true,"href":"https:\/\/h-moser.com\/fr\/wp-json\/wp\/v2\/media\/104571"}],"wp:attachment":[{"href":"https:\/\/h-moser.com\/fr\/wp-json\/wp\/v2\/media?parent=103990"}],"wp:term":[{"taxonomy":"product_brand","embeddable":true,"href":"https:\/\/h-moser.com\/fr\/wp-json\/wp\/v2\/product_brand?post=103990"},{"taxonomy":"product_cat","embeddable":true,"href":"https:\/\/h-moser.com\/fr\/wp-json\/wp\/v2\/product_cat?post=103990"},{"taxonomy":"product_tag","embeddable":true,"href":"https:\/\/h-moser.com\/fr\/wp-json\/wp\/v2\/product_tag?post=103990"}],"curies":[{"name":"wp","href":"https:\/\/api.w.org\/{rel}","templated":true}]}}