{"id":104065,"date":"2025-03-25T18:50:20","date_gmt":"2025-03-25T17:50:20","guid":{"rendered":"https:\/\/h-moser.com\/?post_type=product&#038;p=104065"},"modified":"2025-03-31T09:40:20","modified_gmt":"2025-03-31T07:40:20","slug":"endeavour-small-seconds-concept-pop-1202-1202","status":"publish","type":"product","link":"https:\/\/h-moser.com\/fr\/produit\/endeavour-small-seconds-concept-pop-1202-1202\/","title":{"rendered":"Endeavour Small Seconds Concept Pop"},"content":{"rendered":"<p>Lumineuse et dynamique, la Endeavour Small Seconds Concept Pop en chrysoprase citron incarne la confiance et la vitalit\u00e9. Cette remarquable pierre fine, avec son \u00e9clat acidul\u00e9, fait rayonner le cadran. Sans logos ni index, la conception de cette montre s\u2019articule uniquement autour de la pierre fine. \u00c0 six heures, les petites secondes en lapis-lazuli apportent un \u00e9l\u00e9ment de contraste vibrant. Ce garde-temps acidul\u00e9 est limit\u00e9 \u00e0 28 pi\u00e8ces et chacune nous rappelle que la haute horlogerie peut \u00eatre \u00e0 la fois belle et amusante.<\/p>\n<p>&nbsp;<\/p>\n<p><a href=\"https:\/\/h-moser.com\/fr\/pop-collection\/\">D\u00e9couvrez la Pop Collection !<\/a><\/p>\n","protected":false},"excerpt":{"rendered":"<p>Lumineuse et dynamique, la Endeavour Small Seconds Concept Pop en chrysoprase citron incarne la confiance et la vitalit\u00e9. Cette remarquable pierre fine, avec son \u00e9clat acidul\u00e9, fait rayonner le cadran. Sans logos ni index, la conception de cette montre s\u2019articule uniquement autour de la pierre fine. \u00c0 six heures, les petites secondes en lapis-lazuli apportent &hellip; <a href=\"https:\/\/h-moser.com\/fr\/produit\/endeavour-small-seconds-concept-pop-1202-1202\/\">Continued<\/a><\/p>\n","protected":false},"featured_media":103531,"template":"","meta":{"_acf_changed":false,"_seopress_robots_primary_cat":"none","_seopress_titles_title":"","_seopress_titles_desc":"","_seopress_robots_index":""},"product_brand":[],"product_cat":[168,2297],"product_tag":[],"class_list":{"0":"post-104065","1":"product","2":"type-product","3":"status-publish","4":"has-post-thumbnail","6":"product_cat-endeavour-fr-2","7":"product_cat-small-seconds-pop-collection-fr","9":"first","10":"instock","11":"shipping-taxable","12":"purchasable","13":"product-type-simple"},"acf":[],"_links":{"self":[{"href":"https:\/\/h-moser.com\/fr\/wp-json\/wp\/v2\/product\/104065","targetHints":{"allow":["GET"]}}],"collection":[{"href":"https:\/\/h-moser.com\/fr\/wp-json\/wp\/v2\/product"}],"about":[{"href":"https:\/\/h-moser.com\/fr\/wp-json\/wp\/v2\/types\/product"}],"wp:featuredmedia":[{"embeddable":true,"href":"https:\/\/h-moser.com\/fr\/wp-json\/wp\/v2\/media\/103531"}],"wp:attachment":[{"href":"https:\/\/h-moser.com\/fr\/wp-json\/wp\/v2\/media?parent=104065"}],"wp:term":[{"taxonomy":"product_brand","embeddable":true,"href":"https:\/\/h-moser.com\/fr\/wp-json\/wp\/v2\/product_brand?post=104065"},{"taxonomy":"product_cat","embeddable":true,"href":"https:\/\/h-moser.com\/fr\/wp-json\/wp\/v2\/product_cat?post=104065"},{"taxonomy":"product_tag","embeddable":true,"href":"https:\/\/h-moser.com\/fr\/wp-json\/wp\/v2\/product_tag?post=104065"}],"curies":[{"name":"wp","href":"https:\/\/api.w.org\/{rel}","templated":true}]}}