{"id":104070,"date":"2025-03-25T18:54:22","date_gmt":"2025-03-25T17:54:22","guid":{"rendered":"https:\/\/h-moser.com\/?post_type=product&#038;p=104070"},"modified":"2025-04-01T09:57:32","modified_gmt":"2025-04-01T07:57:32","slug":"endeavour-tourbillon-concept-pop-1805-1203","status":"publish","type":"product","link":"https:\/\/h-moser.com\/fr\/produit\/endeavour-tourbillon-concept-pop-1805-1203\/","title":{"rendered":"Endeavour Tourbillon Concept Pop"},"content":{"rendered":"<p>La Endeavour Tourbillon Concept Pop en chrysoprase citron est aussi audacieuse que raffin\u00e9e. Connue pour ses propri\u00e9t\u00e9s qui favorisent la confiance en soi, cette pierre fine \u00e9clatante adopte une \u00e9l\u00e9gance inattendue lorsqu\u2019elle est associ\u00e9e \u00e0 la profondeur c\u00e9leste du lapis-lazuli. D\u00e9barrass\u00e9 de tout \u00e9l\u00e9ment superflu, le cadran met parfaitement en valeur le tourbillon volant une minute \u00e0 six heures. Mouvement et art se rencontrent ainsi dans une harmonie parfaite. Cette montre, disponible en seulement 8 exemplaires, incarne l\u2019expression rare d\u2019une sophistication audacieuse.<\/p>\n<p>&nbsp;<\/p>\n<p><a href=\"https:\/\/h-moser.com\/fr\/pop-collection\/\">D\u00e9couvrez la Pop Collection !<\/a><\/p>\n","protected":false},"excerpt":{"rendered":"<p>La Endeavour Tourbillon Concept Pop en chrysoprase citron est aussi audacieuse que raffin\u00e9e. Connue pour ses propri\u00e9t\u00e9s qui favorisent la confiance en soi, cette pierre fine \u00e9clatante adopte une \u00e9l\u00e9gance inattendue lorsqu\u2019elle est associ\u00e9e \u00e0 la profondeur c\u00e9leste du lapis-lazuli. D\u00e9barrass\u00e9 de tout \u00e9l\u00e9ment superflu, le cadran met parfaitement en valeur le tourbillon volant une &hellip; <a href=\"https:\/\/h-moser.com\/fr\/produit\/endeavour-tourbillon-concept-pop-1805-1203\/\">Continued<\/a><\/p>\n","protected":false},"featured_media":103615,"template":"","meta":{"_acf_changed":false,"_seopress_robots_primary_cat":"none","_seopress_titles_title":"","_seopress_titles_desc":"","_seopress_robots_index":""},"product_brand":[],"product_cat":[168,2305],"product_tag":[],"class_list":{"0":"post-104070","1":"product","2":"type-product","3":"status-publish","4":"has-post-thumbnail","6":"product_cat-endeavour-fr-2","7":"product_cat-tourbillon-pop-collection-fr","9":"first","10":"instock","11":"shipping-taxable","12":"purchasable","13":"product-type-simple"},"acf":[],"_links":{"self":[{"href":"https:\/\/h-moser.com\/fr\/wp-json\/wp\/v2\/product\/104070","targetHints":{"allow":["GET"]}}],"collection":[{"href":"https:\/\/h-moser.com\/fr\/wp-json\/wp\/v2\/product"}],"about":[{"href":"https:\/\/h-moser.com\/fr\/wp-json\/wp\/v2\/types\/product"}],"wp:featuredmedia":[{"embeddable":true,"href":"https:\/\/h-moser.com\/fr\/wp-json\/wp\/v2\/media\/103615"}],"wp:attachment":[{"href":"https:\/\/h-moser.com\/fr\/wp-json\/wp\/v2\/media?parent=104070"}],"wp:term":[{"taxonomy":"product_brand","embeddable":true,"href":"https:\/\/h-moser.com\/fr\/wp-json\/wp\/v2\/product_brand?post=104070"},{"taxonomy":"product_cat","embeddable":true,"href":"https:\/\/h-moser.com\/fr\/wp-json\/wp\/v2\/product_cat?post=104070"},{"taxonomy":"product_tag","embeddable":true,"href":"https:\/\/h-moser.com\/fr\/wp-json\/wp\/v2\/product_tag?post=104070"}],"curies":[{"name":"wp","href":"https:\/\/api.w.org\/{rel}","templated":true}]}}