{"id":104075,"date":"2025-03-25T18:57:36","date_gmt":"2025-03-25T17:57:36","guid":{"rendered":"https:\/\/h-moser.com\/?post_type=product&#038;p=104075"},"modified":"2025-03-31T09:10:52","modified_gmt":"2025-03-31T07:10:52","slug":"endeavour-minute-repeater-tourbillon-concept-pop-1904-0406","status":"publish","type":"product","link":"https:\/\/h-moser.com\/fr\/produit\/endeavour-minute-repeater-tourbillon-concept-pop-1904-0406\/","title":{"rendered":"Endeavour Minute Repeater Tourbillon Concept Pop"},"content":{"rendered":"<p>Avec son jeu de lumi\u00e8re et de son saisissant, la Endeavour Minute Repeater Tourbillon Concept Pop en chrysoprase citron brille de mille feux. Aucun chiffre, aucune fioriture, la conception met ainsi en valeur l\u2019aspect frappant du tourbillon volant \u00e0 six heures, tandis que les marteaux et les timbres visibles donnent vie \u00e0 la sonnerie de la r\u00e9p\u00e9tition minutes. Cr\u00e9ation unique en son genre, ce garde-temps est un hommage audacieux au design et \u00e0 l\u2019art m\u00e9canique.<\/p>\n<p>&nbsp;<\/p>\n<p><a href=\"https:\/\/h-moser.com\/fr\/pop-collection\/\">D\u00e9couvrez la Pop Collection !<\/a><\/p>\n","protected":false},"excerpt":{"rendered":"<p>Avec son jeu de lumi\u00e8re et de son saisissant, la Endeavour Minute Repeater Tourbillon Concept Pop en chrysoprase citron brille de mille feux. Aucun chiffre, aucune fioriture, la conception met ainsi en valeur l\u2019aspect frappant du tourbillon volant \u00e0 six heures, tandis que les marteaux et les timbres visibles donnent vie \u00e0 la sonnerie de &hellip; <a href=\"https:\/\/h-moser.com\/fr\/produit\/endeavour-minute-repeater-tourbillon-concept-pop-1904-0406\/\">Continued<\/a><\/p>\n","protected":false},"featured_media":104543,"template":"","meta":{"_acf_changed":false,"_seopress_robots_primary_cat":"none","_seopress_titles_title":"","_seopress_titles_desc":"","_seopress_robots_index":""},"product_brand":[],"product_cat":[168,2301],"product_tag":[],"class_list":{"0":"post-104075","1":"product","2":"type-product","3":"status-publish","4":"has-post-thumbnail","6":"product_cat-endeavour-fr-2","7":"product_cat-minute-repeater-pop-collection-fr","9":"first","10":"instock","11":"shipping-taxable","12":"product-type-simple"},"acf":[],"_links":{"self":[{"href":"https:\/\/h-moser.com\/fr\/wp-json\/wp\/v2\/product\/104075","targetHints":{"allow":["GET"]}}],"collection":[{"href":"https:\/\/h-moser.com\/fr\/wp-json\/wp\/v2\/product"}],"about":[{"href":"https:\/\/h-moser.com\/fr\/wp-json\/wp\/v2\/types\/product"}],"wp:featuredmedia":[{"embeddable":true,"href":"https:\/\/h-moser.com\/fr\/wp-json\/wp\/v2\/media\/104543"}],"wp:attachment":[{"href":"https:\/\/h-moser.com\/fr\/wp-json\/wp\/v2\/media?parent=104075"}],"wp:term":[{"taxonomy":"product_brand","embeddable":true,"href":"https:\/\/h-moser.com\/fr\/wp-json\/wp\/v2\/product_brand?post=104075"},{"taxonomy":"product_cat","embeddable":true,"href":"https:\/\/h-moser.com\/fr\/wp-json\/wp\/v2\/product_cat?post=104075"},{"taxonomy":"product_tag","embeddable":true,"href":"https:\/\/h-moser.com\/fr\/wp-json\/wp\/v2\/product_tag?post=104075"}],"curies":[{"name":"wp","href":"https:\/\/api.w.org\/{rel}","templated":true}]}}