{"id":10408,"date":"2020-08-13T16:09:52","date_gmt":"2020-08-31T14:00:07","guid":{"rendered":"https:\/\/dev.cosavostra.com\/hmoser\/product\/endeavour-tourbillon\/"},"modified":"2020-09-22T14:22:44","modified_gmt":"2020-09-22T12:22:44","slug":"endeavour-tourbillon-vantablack-black-hands","status":"publish","type":"product","link":"https:\/\/h-moser.com\/fr\/produit\/endeavour-tourbillon-vantablack-black-hands\/","title":{"rendered":"Endeavour Tourbillon"},"content":{"rendered":"<p style=\"font-weight: 400;\"><span style=\"font-weight: 400;\">Plus noir que la nuit: H. Moser &amp; Cie. combine son ing\u00e9nieux tourbillon volant \u00e0 double spiral au mat\u00e9riau le plus sombre jamais cr\u00e9\u00e9\u00a0: le Vantablack\u00ae. Le Endeavour Tourbillon en <span style=\"font-weight: 400;\">acier trait\u00e9 DLC avec un cadra<\/span>n Vantablack\u00ae <\/span><span style=\"font-weight: 400;\">incarne la quintessence de la sobri\u00e9t\u00e9\u00a0: le cadran d&rsquo;un noir saisissant, vierge de tout logo, index ou fioriture met en vedette le tourbillon au charme hypnotique.<\/span><\/p>\n","protected":false},"excerpt":{"rendered":"<p>Plus noir que la nuit: H. Moser &amp; Cie. combine son ing\u00e9nieux tourbillon volant \u00e0 double spiral au mat\u00e9riau le plus sombre jamais cr\u00e9\u00e9\u00a0: le Vantablack\u00ae. Le Endeavour Tourbillon en acier trait\u00e9 DLC avec un cadran Vantablack\u00ae incarne la quintessence de la sobri\u00e9t\u00e9\u00a0: le cadran d&rsquo;un noir saisissant, vierge de tout logo, index ou fioriture &hellip; <a href=\"https:\/\/h-moser.com\/fr\/produit\/endeavour-tourbillon-vantablack-black-hands\/\">Continued<\/a><\/p>\n","protected":false},"featured_media":9687,"template":"","meta":{"_acf_changed":false,"_seopress_robots_primary_cat":"none","_seopress_titles_title":"","_seopress_titles_desc":"","_seopress_robots_index":""},"product_brand":[],"product_cat":[168,1896],"product_tag":[],"class_list":{"0":"post-10408","1":"product","2":"type-product","3":"status-publish","4":"has-post-thumbnail","6":"product_cat-endeavour-fr-2","7":"product_cat-endeavour-models-fr","9":"first","10":"unavailable","11":"shipping-taxable","12":"purchasable","13":"product-type-simple"},"acf":[],"_links":{"self":[{"href":"https:\/\/h-moser.com\/fr\/wp-json\/wp\/v2\/product\/10408","targetHints":{"allow":["GET"]}}],"collection":[{"href":"https:\/\/h-moser.com\/fr\/wp-json\/wp\/v2\/product"}],"about":[{"href":"https:\/\/h-moser.com\/fr\/wp-json\/wp\/v2\/types\/product"}],"wp:featuredmedia":[{"embeddable":true,"href":"https:\/\/h-moser.com\/fr\/wp-json\/wp\/v2\/media\/9687"}],"wp:attachment":[{"href":"https:\/\/h-moser.com\/fr\/wp-json\/wp\/v2\/media?parent=10408"}],"wp:term":[{"taxonomy":"product_brand","embeddable":true,"href":"https:\/\/h-moser.com\/fr\/wp-json\/wp\/v2\/product_brand?post=10408"},{"taxonomy":"product_cat","embeddable":true,"href":"https:\/\/h-moser.com\/fr\/wp-json\/wp\/v2\/product_cat?post=10408"},{"taxonomy":"product_tag","embeddable":true,"href":"https:\/\/h-moser.com\/fr\/wp-json\/wp\/v2\/product_tag?post=10408"}],"curies":[{"name":"wp","href":"https:\/\/api.w.org\/{rel}","templated":true}]}}