{"id":104087,"date":"2025-03-25T19:03:04","date_gmt":"2025-03-25T18:03:04","guid":{"rendered":"https:\/\/h-moser.com\/?post_type=product&#038;p=104087"},"modified":"2025-03-31T09:44:27","modified_gmt":"2025-03-31T07:44:27","slug":"endeavour-small-seconds-concept-pop-1202-1200","status":"publish","type":"product","link":"https:\/\/h-moser.com\/fr\/produit\/endeavour-small-seconds-concept-pop-1202-1200\/","title":{"rendered":"Endeavour Small Seconds Concept Pop"},"content":{"rendered":"<p>Plongez dans un oc\u00e9an de turquoise scintillante avec la Endeavour Small Seconds Concept Pop. Cette pierre tr\u00e8s appr\u00e9ci\u00e9e offre au cadran un \u00e9clat rafra\u00eechissant, tandis que les petites secondes \u00e0 six heures offrent une touche pop avec leur corail orange profond. Sans logo ni chiffres, la montre reste une expression pure d\u2019art naturel. Ce mod\u00e8le est limit\u00e9 \u00e0 28 pi\u00e8ces et incarne une v\u00e9ritable ode aux \u00e9l\u00e9ments.<\/p>\n<p>&nbsp;<\/p>\n<p><a href=\"https:\/\/h-moser.com\/fr\/pop-collection\/\">D\u00e9couvrez la Pop Collection !<\/a><\/p>\n","protected":false},"excerpt":{"rendered":"<p>Plongez dans un oc\u00e9an de turquoise scintillante avec la Endeavour Small Seconds Concept Pop. Cette pierre tr\u00e8s appr\u00e9ci\u00e9e offre au cadran un \u00e9clat rafra\u00eechissant, tandis que les petites secondes \u00e0 six heures offrent une touche pop avec leur corail orange profond. Sans logo ni chiffres, la montre reste une expression pure d\u2019art naturel. Ce mod\u00e8le &hellip; <a href=\"https:\/\/h-moser.com\/fr\/produit\/endeavour-small-seconds-concept-pop-1202-1200\/\">Continued<\/a><\/p>\n","protected":false},"featured_media":104777,"template":"","meta":{"_acf_changed":false,"_seopress_robots_primary_cat":"none","_seopress_titles_title":"","_seopress_titles_desc":"","_seopress_robots_index":""},"product_brand":[],"product_cat":[168,2297],"product_tag":[],"class_list":{"0":"post-104087","1":"product","2":"type-product","3":"status-publish","4":"has-post-thumbnail","6":"product_cat-endeavour-fr-2","7":"product_cat-small-seconds-pop-collection-fr","9":"first","10":"instock","11":"shipping-taxable","12":"purchasable","13":"product-type-simple"},"acf":[],"_links":{"self":[{"href":"https:\/\/h-moser.com\/fr\/wp-json\/wp\/v2\/product\/104087","targetHints":{"allow":["GET"]}}],"collection":[{"href":"https:\/\/h-moser.com\/fr\/wp-json\/wp\/v2\/product"}],"about":[{"href":"https:\/\/h-moser.com\/fr\/wp-json\/wp\/v2\/types\/product"}],"wp:featuredmedia":[{"embeddable":true,"href":"https:\/\/h-moser.com\/fr\/wp-json\/wp\/v2\/media\/104777"}],"wp:attachment":[{"href":"https:\/\/h-moser.com\/fr\/wp-json\/wp\/v2\/media?parent=104087"}],"wp:term":[{"taxonomy":"product_brand","embeddable":true,"href":"https:\/\/h-moser.com\/fr\/wp-json\/wp\/v2\/product_brand?post=104087"},{"taxonomy":"product_cat","embeddable":true,"href":"https:\/\/h-moser.com\/fr\/wp-json\/wp\/v2\/product_cat?post=104087"},{"taxonomy":"product_tag","embeddable":true,"href":"https:\/\/h-moser.com\/fr\/wp-json\/wp\/v2\/product_tag?post=104087"}],"curies":[{"name":"wp","href":"https:\/\/api.w.org\/{rel}","templated":true}]}}