{"id":104092,"date":"2025-03-25T19:07:30","date_gmt":"2025-03-25T18:07:30","guid":{"rendered":"https:\/\/h-moser.com\/?post_type=product&#038;p=104092"},"modified":"2025-03-31T11:10:37","modified_gmt":"2025-03-31T09:10:37","slug":"endeavour-tourbillon-concept-pop-1805-1201","status":"publish","type":"product","link":"https:\/\/h-moser.com\/fr\/produit\/endeavour-tourbillon-concept-pop-1805-1201\/","title":{"rendered":"Endeavour Tourbillon Concept Pop"},"content":{"rendered":"<p>La Endeavour Tourbillon Concept Pop en turquoise irradie la haute horlogerie de sa pr\u00e9sence \u00e9lectrique. Sa teinte oc\u00e9anique froide est soulign\u00e9e par la chaleur du corail orange profond, ce qui assure au cadran un contraste saisissant. Con\u00e7u pour offrir une puret\u00e9 parfaite, le cadran est tr\u00e8s sobre et attire ainsi l\u2019attention sur le tourbillon volant une minute \u00e0 six heures, \u00e9quip\u00e9 de notre double spiral embl\u00e9matique pour garantir une pr\u00e9cision et une stabilit\u00e9 de haut niveau. Limit\u00e9e \u00e0 8 pi\u00e8ces, cette montre est une combinaison rare d\u2019\u00e9l\u00e9gance fluide et de ma\u00eetrise technique.<\/p>\n<p>&nbsp;<\/p>\n<p><a href=\"https:\/\/h-moser.com\/fr\/pop-collection\/\">D\u00e9couvrez la Pop Collection !<\/a><\/p>\n","protected":false},"excerpt":{"rendered":"<p>La Endeavour Tourbillon Concept Pop en turquoise irradie la haute horlogerie de sa pr\u00e9sence \u00e9lectrique. Sa teinte oc\u00e9anique froide est soulign\u00e9e par la chaleur du corail orange profond, ce qui assure au cadran un contraste saisissant. Con\u00e7u pour offrir une puret\u00e9 parfaite, le cadran est tr\u00e8s sobre et attire ainsi l\u2019attention sur le tourbillon volant &hellip; <a href=\"https:\/\/h-moser.com\/fr\/produit\/endeavour-tourbillon-concept-pop-1805-1201\/\">Continued<\/a><\/p>\n","protected":false},"featured_media":103601,"template":"","meta":{"_acf_changed":false,"_seopress_robots_primary_cat":"none","_seopress_titles_title":"","_seopress_titles_desc":"","_seopress_robots_index":""},"product_brand":[],"product_cat":[168,2305],"product_tag":[],"class_list":{"0":"post-104092","1":"product","2":"type-product","3":"status-publish","4":"has-post-thumbnail","6":"product_cat-endeavour-fr-2","7":"product_cat-tourbillon-pop-collection-fr","9":"first","10":"instock","11":"shipping-taxable","12":"purchasable","13":"product-type-simple"},"acf":[],"_links":{"self":[{"href":"https:\/\/h-moser.com\/fr\/wp-json\/wp\/v2\/product\/104092","targetHints":{"allow":["GET"]}}],"collection":[{"href":"https:\/\/h-moser.com\/fr\/wp-json\/wp\/v2\/product"}],"about":[{"href":"https:\/\/h-moser.com\/fr\/wp-json\/wp\/v2\/types\/product"}],"wp:featuredmedia":[{"embeddable":true,"href":"https:\/\/h-moser.com\/fr\/wp-json\/wp\/v2\/media\/103601"}],"wp:attachment":[{"href":"https:\/\/h-moser.com\/fr\/wp-json\/wp\/v2\/media?parent=104092"}],"wp:term":[{"taxonomy":"product_brand","embeddable":true,"href":"https:\/\/h-moser.com\/fr\/wp-json\/wp\/v2\/product_brand?post=104092"},{"taxonomy":"product_cat","embeddable":true,"href":"https:\/\/h-moser.com\/fr\/wp-json\/wp\/v2\/product_cat?post=104092"},{"taxonomy":"product_tag","embeddable":true,"href":"https:\/\/h-moser.com\/fr\/wp-json\/wp\/v2\/product_tag?post=104092"}],"curies":[{"name":"wp","href":"https:\/\/api.w.org\/{rel}","templated":true}]}}