{"id":104097,"date":"2025-03-25T19:10:53","date_gmt":"2025-03-25T18:10:53","guid":{"rendered":"https:\/\/h-moser.com\/?post_type=product&#038;p=104097"},"modified":"2025-03-31T09:18:07","modified_gmt":"2025-03-31T07:18:07","slug":"endeavour-minute-repeater-tourbillon-concept-pop-1904-0405","status":"publish","type":"product","link":"https:\/\/h-moser.com\/fr\/produit\/endeavour-minute-repeater-tourbillon-concept-pop-1904-0405\/","title":{"rendered":"Endeavour Minute Repeater Tourbillon Concept Pop"},"content":{"rendered":"<p>La Endeavour Minute Repeater Tourbillon Concept Pop en turquoise est \u00e0 la fois audacieuse et raffin\u00e9e. Tr\u00e8s appr\u00e9ci\u00e9e pour ses propri\u00e9t\u00e9s de protection, la turquoise brille d\u2019une puret\u00e9 \u00e9clatante, soulign\u00e9e par l\u2019intensit\u00e9 radiante d&rsquo;un orange fonc\u00e9. Conform\u00e9ment \u00e0 la philosophie minimaliste de la marque, le cadran ne pr\u00e9sente aucun signe distinctif, ce qui permet au tourbillon volant \u00e0 six heures et aux marteaux et timbres visibles d\u2019attirer toute l\u2019attention, tandis que la r\u00e9p\u00e9tition minutes sonne avec une pr\u00e9cision cristalline. Cr\u00e9ation unique en son genre, ce garde-temps est l\u2019expression extraordinaire d\u2019un artisanat tout en contraste.<\/p>\n<p>&nbsp;<\/p>\n<p><a href=\"https:\/\/h-moser.com\/fr\/pop-collection\/\">D\u00e9couvrez la Pop Collection !<\/a><\/p>\n","protected":false},"excerpt":{"rendered":"<p>La Endeavour Minute Repeater Tourbillon Concept Pop en turquoise est \u00e0 la fois audacieuse et raffin\u00e9e. Tr\u00e8s appr\u00e9ci\u00e9e pour ses propri\u00e9t\u00e9s de protection, la turquoise brille d\u2019une puret\u00e9 \u00e9clatante, soulign\u00e9e par l\u2019intensit\u00e9 radiante d&rsquo;un orange fonc\u00e9. Conform\u00e9ment \u00e0 la philosophie minimaliste de la marque, le cadran ne pr\u00e9sente aucun signe distinctif, ce qui permet au &hellip; <a href=\"https:\/\/h-moser.com\/fr\/produit\/endeavour-minute-repeater-tourbillon-concept-pop-1904-0405\/\">Continued<\/a><\/p>\n","protected":false},"featured_media":103685,"template":"","meta":{"_acf_changed":false,"_seopress_robots_primary_cat":"none","_seopress_titles_title":"","_seopress_titles_desc":"","_seopress_robots_index":""},"product_brand":[],"product_cat":[168,2301],"product_tag":[],"class_list":{"0":"post-104097","1":"product","2":"type-product","3":"status-publish","4":"has-post-thumbnail","6":"product_cat-endeavour-fr-2","7":"product_cat-minute-repeater-pop-collection-fr","9":"first","10":"instock","11":"shipping-taxable","12":"product-type-simple"},"acf":[],"_links":{"self":[{"href":"https:\/\/h-moser.com\/fr\/wp-json\/wp\/v2\/product\/104097","targetHints":{"allow":["GET"]}}],"collection":[{"href":"https:\/\/h-moser.com\/fr\/wp-json\/wp\/v2\/product"}],"about":[{"href":"https:\/\/h-moser.com\/fr\/wp-json\/wp\/v2\/types\/product"}],"wp:featuredmedia":[{"embeddable":true,"href":"https:\/\/h-moser.com\/fr\/wp-json\/wp\/v2\/media\/103685"}],"wp:attachment":[{"href":"https:\/\/h-moser.com\/fr\/wp-json\/wp\/v2\/media?parent=104097"}],"wp:term":[{"taxonomy":"product_brand","embeddable":true,"href":"https:\/\/h-moser.com\/fr\/wp-json\/wp\/v2\/product_brand?post=104097"},{"taxonomy":"product_cat","embeddable":true,"href":"https:\/\/h-moser.com\/fr\/wp-json\/wp\/v2\/product_cat?post=104097"},{"taxonomy":"product_tag","embeddable":true,"href":"https:\/\/h-moser.com\/fr\/wp-json\/wp\/v2\/product_tag?post=104097"}],"curies":[{"name":"wp","href":"https:\/\/api.w.org\/{rel}","templated":true}]}}