{"id":104102,"date":"2025-03-25T19:14:19","date_gmt":"2025-03-25T18:14:20","guid":{"rendered":"https:\/\/h-moser.com\/?post_type=product&#038;p=104102"},"modified":"2025-03-31T09:46:56","modified_gmt":"2025-03-31T07:46:56","slug":"endeavour-small-seconds-concept-pop-1202-1206","status":"publish","type":"product","link":"https:\/\/h-moser.com\/fr\/produit\/endeavour-small-seconds-concept-pop-1202-1206\/","title":{"rendered":"Endeavour Small Seconds Concept Pop"},"content":{"rendered":"<p>La Endeavour Small Seconds Concept Pop en corail orange fonc\u00e9 incarne la passion combin\u00e9e \u00e0 l\u2019\u00e9nergie. V\u00e9ritable symbole de la force vitale, cette pierre rayonne de chaleur. Elle est rehauss\u00e9e par la s\u00e9r\u00e9nit\u00e9 froide de la petite seconde turquoise \u00e0 six heures, offrant ainsi un jeu de couleurs dynamique. D\u00e9barrass\u00e9 de tout logo et de tout chiffre, le cadran brille d\u2019une lumi\u00e8re \u00e9clatante. Limit\u00e9 \u00e0 seulement 28 pi\u00e8ces, ce garde-temps est pr\u00e9cis\u00e9ment con\u00e7u pour apporter une touche de pop \u00e0 votre poignet.<\/p>\n<p>&nbsp;<\/p>\n<p><a href=\"https:\/\/h-moser.com\/fr\/pop-collection\/\">D\u00e9couvrez la Pop Collection !<\/a><\/p>\n","protected":false},"excerpt":{"rendered":"<p>La Endeavour Small Seconds Concept Pop en corail orange fonc\u00e9 incarne la passion combin\u00e9e \u00e0 l\u2019\u00e9nergie. V\u00e9ritable symbole de la force vitale, cette pierre rayonne de chaleur. Elle est rehauss\u00e9e par la s\u00e9r\u00e9nit\u00e9 froide de la petite seconde turquoise \u00e0 six heures, offrant ainsi un jeu de couleurs dynamique. D\u00e9barrass\u00e9 de tout logo et de &hellip; <a href=\"https:\/\/h-moser.com\/fr\/produit\/endeavour-small-seconds-concept-pop-1202-1206\/\">Continued<\/a><\/p>\n","protected":false},"featured_media":103587,"template":"","meta":{"_acf_changed":false,"_seopress_robots_primary_cat":"none","_seopress_titles_title":"","_seopress_titles_desc":"","_seopress_robots_index":""},"product_brand":[],"product_cat":[168,2297],"product_tag":[],"class_list":{"0":"post-104102","1":"product","2":"type-product","3":"status-publish","4":"has-post-thumbnail","6":"product_cat-endeavour-fr-2","7":"product_cat-small-seconds-pop-collection-fr","9":"first","10":"instock","11":"shipping-taxable","12":"purchasable","13":"product-type-simple"},"acf":[],"_links":{"self":[{"href":"https:\/\/h-moser.com\/fr\/wp-json\/wp\/v2\/product\/104102","targetHints":{"allow":["GET"]}}],"collection":[{"href":"https:\/\/h-moser.com\/fr\/wp-json\/wp\/v2\/product"}],"about":[{"href":"https:\/\/h-moser.com\/fr\/wp-json\/wp\/v2\/types\/product"}],"wp:featuredmedia":[{"embeddable":true,"href":"https:\/\/h-moser.com\/fr\/wp-json\/wp\/v2\/media\/103587"}],"wp:attachment":[{"href":"https:\/\/h-moser.com\/fr\/wp-json\/wp\/v2\/media?parent=104102"}],"wp:term":[{"taxonomy":"product_brand","embeddable":true,"href":"https:\/\/h-moser.com\/fr\/wp-json\/wp\/v2\/product_brand?post=104102"},{"taxonomy":"product_cat","embeddable":true,"href":"https:\/\/h-moser.com\/fr\/wp-json\/wp\/v2\/product_cat?post=104102"},{"taxonomy":"product_tag","embeddable":true,"href":"https:\/\/h-moser.com\/fr\/wp-json\/wp\/v2\/product_tag?post=104102"}],"curies":[{"name":"wp","href":"https:\/\/api.w.org\/{rel}","templated":true}]}}