{"id":104107,"date":"2025-03-25T19:19:10","date_gmt":"2025-03-25T18:19:10","guid":{"rendered":"https:\/\/h-moser.com\/?post_type=product&#038;p=104107"},"modified":"2025-03-31T11:05:18","modified_gmt":"2025-03-31T09:05:18","slug":"endeavour-tourbillon-concept-pop-1805-1207","status":"publish","type":"product","link":"https:\/\/h-moser.com\/fr\/produit\/endeavour-tourbillon-concept-pop-1805-1207\/","title":{"rendered":"Endeavour Tourbillon Concept Pop"},"content":{"rendered":"<p>La Endeavour Tourbillon Concept Pop en corail orange fonc\u00e9 est la rencontre de la passion et de l\u2019intensit\u00e9. La pierre flamboyante attire l\u2019attention, tandis qu\u2019une touche de turquoise lui apporte un peu de fra\u00eecheur. D\u00e9barrass\u00e9 de toute fioriture, le cadran place le tourbillon volant une minute \u00e0 six heures au centre de la sc\u00e8ne. Il n\u2019existe que 8 pi\u00e8ces de ce garde-temps aussi pr\u00e9cieux qu\u2019un joyau.<\/p>\n<p>&nbsp;<\/p>\n<p><a href=\"https:\/\/h-moser.com\/fr\/pop-collection\/\">D\u00e9couvrez la Pop Collection !<\/a><\/p>\n","protected":false},"excerpt":{"rendered":"<p>La Endeavour Tourbillon Concept Pop en corail orange fonc\u00e9 est la rencontre de la passion et de l\u2019intensit\u00e9. La pierre flamboyante attire l\u2019attention, tandis qu\u2019une touche de turquoise lui apporte un peu de fra\u00eecheur. D\u00e9barrass\u00e9 de toute fioriture, le cadran place le tourbillon volant une minute \u00e0 six heures au centre de la sc\u00e8ne. Il &hellip; <a href=\"https:\/\/h-moser.com\/fr\/produit\/endeavour-tourbillon-concept-pop-1805-1207\/\">Continued<\/a><\/p>\n","protected":false},"featured_media":103671,"template":"","meta":{"_acf_changed":false,"_seopress_robots_primary_cat":"none","_seopress_titles_title":"","_seopress_titles_desc":"","_seopress_robots_index":""},"product_brand":[],"product_cat":[168,2305],"product_tag":[],"class_list":{"0":"post-104107","1":"product","2":"type-product","3":"status-publish","4":"has-post-thumbnail","6":"product_cat-endeavour-fr-2","7":"product_cat-tourbillon-pop-collection-fr","9":"first","10":"instock","11":"shipping-taxable","12":"purchasable","13":"product-type-simple"},"acf":[],"_links":{"self":[{"href":"https:\/\/h-moser.com\/fr\/wp-json\/wp\/v2\/product\/104107","targetHints":{"allow":["GET"]}}],"collection":[{"href":"https:\/\/h-moser.com\/fr\/wp-json\/wp\/v2\/product"}],"about":[{"href":"https:\/\/h-moser.com\/fr\/wp-json\/wp\/v2\/types\/product"}],"wp:featuredmedia":[{"embeddable":true,"href":"https:\/\/h-moser.com\/fr\/wp-json\/wp\/v2\/media\/103671"}],"wp:attachment":[{"href":"https:\/\/h-moser.com\/fr\/wp-json\/wp\/v2\/media?parent=104107"}],"wp:term":[{"taxonomy":"product_brand","embeddable":true,"href":"https:\/\/h-moser.com\/fr\/wp-json\/wp\/v2\/product_brand?post=104107"},{"taxonomy":"product_cat","embeddable":true,"href":"https:\/\/h-moser.com\/fr\/wp-json\/wp\/v2\/product_cat?post=104107"},{"taxonomy":"product_tag","embeddable":true,"href":"https:\/\/h-moser.com\/fr\/wp-json\/wp\/v2\/product_tag?post=104107"}],"curies":[{"name":"wp","href":"https:\/\/api.w.org\/{rel}","templated":true}]}}