{"id":104112,"date":"2025-05-05T17:22:41","date_gmt":"2025-03-25T18:22:41","guid":{"rendered":"https:\/\/h-moser.com\/?post_type=product&#038;p=104112"},"modified":"2025-05-06T12:11:25","modified_gmt":"2025-05-06T10:11:25","slug":"endeavour-minute-repeater-tourbillon-concept-pop-1904-0403","status":"publish","type":"product","link":"https:\/\/h-moser.com\/fr\/produit\/endeavour-minute-repeater-tourbillon-concept-pop-1904-0403\/","title":{"rendered":"Endeavour Minute Repeater Tourbillon Concept Pop"},"content":{"rendered":"<p>La Endeavour Minute Repeater Tourbillon Concept Pop en corail orange fonc\u00e9 brille d\u2019une intensit\u00e9 incroyable. Sa couleur ardente \u00e9voque l\u2019essence m\u00eame de la flamme, magnifiquement contrast\u00e9e par la s\u00e9r\u00e9nit\u00e9 d\u2019un lagon turquoise. Le cadran conserve toute sa puret\u00e9, sans chiffres ni logo. \u00c0 six heures, le tourbillon volant captive, tandis que les marteaux et les timbres visibles sur le c\u00f4t\u00e9 du cadran donnent vie \u00e0 la m\u00e9lodie de la r\u00e9p\u00e9tition minutes.<\/p>\n<p>&nbsp;<\/p>\n<p><a href=\"https:\/\/h-moser.com\/fr\/pop-collection\/\">D\u00e9couvrez la Pop Collection !<\/a><\/p>\n","protected":false},"excerpt":{"rendered":"<p>La Endeavour Minute Repeater Tourbillon Concept Pop en corail orange fonc\u00e9 brille d\u2019une intensit\u00e9 incroyable. Sa couleur ardente \u00e9voque l\u2019essence m\u00eame de la flamme, magnifiquement contrast\u00e9e par la s\u00e9r\u00e9nit\u00e9 d\u2019un lagon turquoise. Le cadran conserve toute sa puret\u00e9, sans chiffres ni logo. \u00c0 six heures, le tourbillon volant captive, tandis que les marteaux et les &hellip; <a href=\"https:\/\/h-moser.com\/fr\/produit\/endeavour-minute-repeater-tourbillon-concept-pop-1904-0403\/\">Continued<\/a><\/p>\n","protected":false},"featured_media":104515,"template":"","meta":{"_acf_changed":false,"_seopress_robots_primary_cat":"none","_seopress_titles_title":"","_seopress_titles_desc":"","_seopress_robots_index":""},"product_brand":[],"product_cat":[168,2301],"product_tag":[],"class_list":{"0":"post-104112","1":"product","2":"type-product","3":"status-publish","4":"has-post-thumbnail","6":"product_cat-endeavour-fr-2","7":"product_cat-minute-repeater-pop-collection-fr","9":"first","10":"instock","11":"shipping-taxable","12":"product-type-simple"},"acf":[],"_links":{"self":[{"href":"https:\/\/h-moser.com\/fr\/wp-json\/wp\/v2\/product\/104112","targetHints":{"allow":["GET"]}}],"collection":[{"href":"https:\/\/h-moser.com\/fr\/wp-json\/wp\/v2\/product"}],"about":[{"href":"https:\/\/h-moser.com\/fr\/wp-json\/wp\/v2\/types\/product"}],"wp:featuredmedia":[{"embeddable":true,"href":"https:\/\/h-moser.com\/fr\/wp-json\/wp\/v2\/media\/104515"}],"wp:attachment":[{"href":"https:\/\/h-moser.com\/fr\/wp-json\/wp\/v2\/media?parent=104112"}],"wp:term":[{"taxonomy":"product_brand","embeddable":true,"href":"https:\/\/h-moser.com\/fr\/wp-json\/wp\/v2\/product_brand?post=104112"},{"taxonomy":"product_cat","embeddable":true,"href":"https:\/\/h-moser.com\/fr\/wp-json\/wp\/v2\/product_cat?post=104112"},{"taxonomy":"product_tag","embeddable":true,"href":"https:\/\/h-moser.com\/fr\/wp-json\/wp\/v2\/product_tag?post=104112"}],"curies":[{"name":"wp","href":"https:\/\/api.w.org\/{rel}","templated":true}]}}