{"id":10434,"date":"2020-08-10T18:57:41","date_gmt":"2020-08-31T14:19:58","guid":{"rendered":"https:\/\/dev.cosavostra.com\/hmoser\/product\/endeavour-perpetual-calendar-4\/"},"modified":"2022-05-18T10:08:36","modified_gmt":"2022-05-18T08:08:36","slug":"endeavour-perpetual-calendar-6","status":"publish","type":"product","link":"https:\/\/h-moser.com\/fr\/produit\/endeavour-perpetual-calendar-6\/","title":{"rendered":"Endeavour Perpetual Calendar Purity"},"content":{"rendered":"<p>R\u00e9alisation pleine d&rsquo;ing\u00e9niosit\u00e9, prim\u00e9e pour son approche d&rsquo;une des complications horlog\u00e8res les plus sophistiqu\u00e9es, le Endeavour Perpetual Calendar en or blanc avec un cadran Midnight Blue fum\u00e9 illustre parfaitement la philosophie de la sobri\u00e9t\u00e9 ch\u00e8re \u00e0 H. Moser &amp; Cie. L&rsquo;indication des mois s&rsquo;effectue en utilisant les index des heures, mettant en vedette la beaut\u00e9 du cadran tout en permettant une lecture rapide et intuitive du mois en cours.<\/p>\n","protected":false},"excerpt":{"rendered":"<p>R\u00e9alisation pleine d&rsquo;ing\u00e9niosit\u00e9, prim\u00e9e pour son approche d&rsquo;une des complications horlog\u00e8res les plus sophistiqu\u00e9es, le Endeavour Perpetual Calendar en or blanc avec un cadran Midnight Blue fum\u00e9 illustre parfaitement la philosophie de la sobri\u00e9t\u00e9 ch\u00e8re \u00e0 H. Moser &amp; Cie. L&rsquo;indication des mois s&rsquo;effectue en utilisant les index des heures, mettant en vedette la beaut\u00e9 &hellip; <a href=\"https:\/\/h-moser.com\/fr\/produit\/endeavour-perpetual-calendar-6\/\">Continued<\/a><\/p>\n","protected":false},"featured_media":9785,"template":"","meta":{"_acf_changed":false,"_seopress_robots_primary_cat":"none","_seopress_titles_title":"","_seopress_titles_desc":"","_seopress_robots_index":""},"product_brand":[],"product_cat":[168,1896],"product_tag":[],"class_list":{"0":"post-10434","1":"product","2":"type-product","3":"status-publish","4":"has-post-thumbnail","6":"product_cat-endeavour-fr-2","7":"product_cat-endeavour-models-fr","9":"first","10":"unavailable","11":"shipping-taxable","12":"purchasable","13":"product-type-simple"},"acf":[],"_links":{"self":[{"href":"https:\/\/h-moser.com\/fr\/wp-json\/wp\/v2\/product\/10434","targetHints":{"allow":["GET"]}}],"collection":[{"href":"https:\/\/h-moser.com\/fr\/wp-json\/wp\/v2\/product"}],"about":[{"href":"https:\/\/h-moser.com\/fr\/wp-json\/wp\/v2\/types\/product"}],"wp:featuredmedia":[{"embeddable":true,"href":"https:\/\/h-moser.com\/fr\/wp-json\/wp\/v2\/media\/9785"}],"wp:attachment":[{"href":"https:\/\/h-moser.com\/fr\/wp-json\/wp\/v2\/media?parent=10434"}],"wp:term":[{"taxonomy":"product_brand","embeddable":true,"href":"https:\/\/h-moser.com\/fr\/wp-json\/wp\/v2\/product_brand?post=10434"},{"taxonomy":"product_cat","embeddable":true,"href":"https:\/\/h-moser.com\/fr\/wp-json\/wp\/v2\/product_cat?post=10434"},{"taxonomy":"product_tag","embeddable":true,"href":"https:\/\/h-moser.com\/fr\/wp-json\/wp\/v2\/product_tag?post=10434"}],"curies":[{"name":"wp","href":"https:\/\/api.w.org\/{rel}","templated":true}]}}