{"id":10470,"date":"2020-08-13T16:36:39","date_gmt":"2020-08-31T15:02:31","guid":{"rendered":"https:\/\/dev.cosavostra.com\/hmoser\/product\/endeavour-cylindrical-tourbillon-h-moser-cie-x-mbf-5\/"},"modified":"2024-03-05T12:24:15","modified_gmt":"2024-03-05T11:24:15","slug":"endeavour-cylindrical-tourbillon-h-moser-cie-x-mbf-5","status":"publish","type":"product","link":"https:\/\/h-moser.com\/fr\/produit\/endeavour-cylindrical-tourbillon-h-moser-cie-x-mbf-5\/","title":{"rendered":"Endeavour Cylindrical Tourbillon \u2013 H. Moser &amp; Cie. x MB&#038;F"},"content":{"rendered":"<p><span style=\"font-weight: 400;\">R\u00e9alisation tenant \u00e0 la fois de la montre et de la sculpture cin\u00e9tique, le Endeavour Cylindrical Tourbillon en <\/span><span style=\"font-weight: 400;\">acier avec un cadran Ice Blue fum\u00e9 <\/span><span style=\"font-weight: 400;\">est le fruit de la collaboration entre H. Moser &amp; Cie. et l&rsquo;horloger ind\u00e9pendant MB&amp;F. Il unit performance exceptionnelle et style inimitable, gr\u00e2ce \u00e0 un tourbillon cylindrique tridimensionnel unique et \u00e0 un cadran d\u00e9centr\u00e9 et inclin\u00e9 en saphir qui semblent flotter au-dessus du cadran fum\u00e9. <\/span><\/p>\n","protected":false},"excerpt":{"rendered":"<p>R\u00e9alisation tenant \u00e0 la fois de la montre et de la sculpture cin\u00e9tique, le Endeavour Cylindrical Tourbillon en acier avec un cadran Ice Blue fum\u00e9 est le fruit de la collaboration entre H. Moser &amp; Cie. et l&rsquo;horloger ind\u00e9pendant MB&amp;F. Il unit performance exceptionnelle et style inimitable, gr\u00e2ce \u00e0 un tourbillon cylindrique tridimensionnel unique et &hellip; <a href=\"https:\/\/h-moser.com\/fr\/produit\/endeavour-cylindrical-tourbillon-h-moser-cie-x-mbf-5\/\">Continued<\/a><\/p>\n","protected":false},"featured_media":9918,"template":"","meta":{"_acf_changed":false,"_seopress_robots_primary_cat":"none","_seopress_titles_title":"","_seopress_titles_desc":"","_seopress_robots_index":""},"product_brand":[],"product_cat":[168,1896],"product_tag":[],"class_list":{"0":"post-10470","1":"product","2":"type-product","3":"status-publish","4":"has-post-thumbnail","6":"product_cat-endeavour-fr-2","7":"product_cat-endeavour-models-fr","9":"first","10":"unavailable","11":"shipping-taxable","12":"purchasable","13":"product-type-simple"},"acf":[],"_links":{"self":[{"href":"https:\/\/h-moser.com\/fr\/wp-json\/wp\/v2\/product\/10470","targetHints":{"allow":["GET"]}}],"collection":[{"href":"https:\/\/h-moser.com\/fr\/wp-json\/wp\/v2\/product"}],"about":[{"href":"https:\/\/h-moser.com\/fr\/wp-json\/wp\/v2\/types\/product"}],"wp:featuredmedia":[{"embeddable":true,"href":"https:\/\/h-moser.com\/fr\/wp-json\/wp\/v2\/media\/9918"}],"wp:attachment":[{"href":"https:\/\/h-moser.com\/fr\/wp-json\/wp\/v2\/media?parent=10470"}],"wp:term":[{"taxonomy":"product_brand","embeddable":true,"href":"https:\/\/h-moser.com\/fr\/wp-json\/wp\/v2\/product_brand?post=10470"},{"taxonomy":"product_cat","embeddable":true,"href":"https:\/\/h-moser.com\/fr\/wp-json\/wp\/v2\/product_cat?post=10470"},{"taxonomy":"product_tag","embeddable":true,"href":"https:\/\/h-moser.com\/fr\/wp-json\/wp\/v2\/product_tag?post=10470"}],"curies":[{"name":"wp","href":"https:\/\/api.w.org\/{rel}","templated":true}]}}