{"id":10513,"date":"2020-08-10T16:31:47","date_gmt":"2020-08-31T15:32:02","guid":{"rendered":"https:\/\/dev.cosavostra.com\/hmoser\/product\/endeavour-centre-seconds\/"},"modified":"2020-09-24T14:02:42","modified_gmt":"2020-09-24T12:02:42","slug":"endeavour-centre-seconds-7","status":"publish","type":"product","link":"https:\/\/h-moser.com\/fr\/produit\/endeavour-centre-seconds-7\/","title":{"rendered":"Endeavour Centre Seconds"},"content":{"rendered":"<p>Quintessence de l&rsquo;\u00e9l\u00e9gance contemporaine, la Endeavour Centre Seconds en acier avec une lunette sertie de diamants et un cadran Blue Lagoon fum\u00e9 combine les lignes \u00e0 la fois minimalistes et percutantes ch\u00e8res \u00e0 H. Moser &amp; Cie. \u00e0 un mouvement manufacture \u00e0 remontage automatique. Cette r\u00e9alisation, uniquement d\u00e9di\u00e9e \u00e0 la mesure du temps, magnifie la beaut\u00e9 du bo\u00eetier sculpt\u00e9 de 38 mm et la richesse du cadran.<\/p>\n","protected":false},"excerpt":{"rendered":"<p>Quintessence de l&rsquo;\u00e9l\u00e9gance contemporaine, la Endeavour Centre Seconds en acier avec une lunette sertie de diamants et un cadran Blue Lagoon fum\u00e9 combine les lignes \u00e0 la fois minimalistes et percutantes ch\u00e8res \u00e0 H. Moser &amp; Cie. \u00e0 un mouvement manufacture \u00e0 remontage automatique. Cette r\u00e9alisation, uniquement d\u00e9di\u00e9e \u00e0 la mesure du temps, magnifie la &hellip; <a href=\"https:\/\/h-moser.com\/fr\/produit\/endeavour-centre-seconds-7\/\">Continued<\/a><\/p>\n","protected":false},"featured_media":9078,"template":"","meta":{"_acf_changed":false,"_seopress_robots_primary_cat":"none","_seopress_titles_title":"","_seopress_titles_desc":"","_seopress_robots_index":""},"product_brand":[],"product_cat":[168,1896],"product_tag":[],"class_list":{"0":"post-10513","1":"product","2":"type-product","3":"status-publish","4":"has-post-thumbnail","6":"product_cat-endeavour-fr-2","7":"product_cat-endeavour-models-fr","9":"first","10":"unavailable","11":"shipping-taxable","12":"purchasable","13":"product-type-simple"},"acf":[],"_links":{"self":[{"href":"https:\/\/h-moser.com\/fr\/wp-json\/wp\/v2\/product\/10513","targetHints":{"allow":["GET"]}}],"collection":[{"href":"https:\/\/h-moser.com\/fr\/wp-json\/wp\/v2\/product"}],"about":[{"href":"https:\/\/h-moser.com\/fr\/wp-json\/wp\/v2\/types\/product"}],"wp:featuredmedia":[{"embeddable":true,"href":"https:\/\/h-moser.com\/fr\/wp-json\/wp\/v2\/media\/9078"}],"wp:attachment":[{"href":"https:\/\/h-moser.com\/fr\/wp-json\/wp\/v2\/media?parent=10513"}],"wp:term":[{"taxonomy":"product_brand","embeddable":true,"href":"https:\/\/h-moser.com\/fr\/wp-json\/wp\/v2\/product_brand?post=10513"},{"taxonomy":"product_cat","embeddable":true,"href":"https:\/\/h-moser.com\/fr\/wp-json\/wp\/v2\/product_cat?post=10513"},{"taxonomy":"product_tag","embeddable":true,"href":"https:\/\/h-moser.com\/fr\/wp-json\/wp\/v2\/product_tag?post=10513"}],"curies":[{"name":"wp","href":"https:\/\/api.w.org\/{rel}","templated":true}]}}