{"id":105388,"date":"2025-03-31T15:43:48","date_gmt":"2025-03-31T13:43:48","guid":{"rendered":"https:\/\/h-moser.com\/?post_type=product&#038;p=105388"},"modified":"2025-04-01T09:52:37","modified_gmt":"2025-04-01T07:52:37","slug":"endeavour-centre-seconds-purple-enamel-1201-1200","status":"publish","type":"product","link":"https:\/\/h-moser.com\/fr\/produit\/endeavour-centre-seconds-purple-enamel-1201-1200\/","title":{"rendered":"Endeavour Centre Seconds Concept Purple Enamel"},"content":{"rendered":"<p>Le charme du fum\u00e9. L&rsquo;\u00e9clat de l&rsquo;\u00e9mail. D\u00e9couvrez l&rsquo;Endeavour Centre Seconds Concept Purple Enamel \u2014 une montre qui unit la ma\u00eetrise technique d&rsquo;une montre \u00e0 trois aiguilles \u00e0 l&rsquo;art ancestral de l&rsquo;\u00e9maillage, r\u00e9sultant en une r\u00e9interpr\u00e9tation glorieuse de nos cadrans fum\u00e9s signature. Cette \u0153uvre d&rsquo;art moderne portable en Purple Haze est encadr\u00e9e dans un bo\u00eetier en acier de 40 mm et aliment\u00e9e par le HMC 201, \u00e9quip\u00e9 d&rsquo;un double spiral.<\/p>\n","protected":false},"excerpt":{"rendered":"<p>Le charme du fum\u00e9. L&rsquo;\u00e9clat de l&rsquo;\u00e9mail. D\u00e9couvrez l&rsquo;Endeavour Centre Seconds Concept Purple Enamel \u2014 une montre qui unit la ma\u00eetrise technique d&rsquo;une montre \u00e0 trois aiguilles \u00e0 l&rsquo;art ancestral de l&rsquo;\u00e9maillage, r\u00e9sultant en une r\u00e9interpr\u00e9tation glorieuse de nos cadrans fum\u00e9s signature. Cette \u0153uvre d&rsquo;art moderne portable en Purple Haze est encadr\u00e9e dans un bo\u00eetier &hellip; <a href=\"https:\/\/h-moser.com\/fr\/produit\/endeavour-centre-seconds-purple-enamel-1201-1200\/\">Continued<\/a><\/p>\n","protected":false},"featured_media":105430,"template":"","meta":{"_acf_changed":false,"_seopress_robots_primary_cat":"none","_seopress_titles_title":"","_seopress_titles_desc":"","_seopress_robots_index":""},"product_brand":[],"product_cat":[178,168],"product_tag":[],"class_list":{"0":"post-105388","1":"product","2":"type-product","3":"status-publish","4":"has-post-thumbnail","6":"product_cat-centre-seconds-fr","7":"product_cat-endeavour-fr-2","9":"first","10":"instock","11":"shipping-taxable","12":"purchasable","13":"product-type-simple"},"acf":[],"_links":{"self":[{"href":"https:\/\/h-moser.com\/fr\/wp-json\/wp\/v2\/product\/105388","targetHints":{"allow":["GET"]}}],"collection":[{"href":"https:\/\/h-moser.com\/fr\/wp-json\/wp\/v2\/product"}],"about":[{"href":"https:\/\/h-moser.com\/fr\/wp-json\/wp\/v2\/types\/product"}],"wp:featuredmedia":[{"embeddable":true,"href":"https:\/\/h-moser.com\/fr\/wp-json\/wp\/v2\/media\/105430"}],"wp:attachment":[{"href":"https:\/\/h-moser.com\/fr\/wp-json\/wp\/v2\/media?parent=105388"}],"wp:term":[{"taxonomy":"product_brand","embeddable":true,"href":"https:\/\/h-moser.com\/fr\/wp-json\/wp\/v2\/product_brand?post=105388"},{"taxonomy":"product_cat","embeddable":true,"href":"https:\/\/h-moser.com\/fr\/wp-json\/wp\/v2\/product_cat?post=105388"},{"taxonomy":"product_tag","embeddable":true,"href":"https:\/\/h-moser.com\/fr\/wp-json\/wp\/v2\/product_tag?post=105388"}],"curies":[{"name":"wp","href":"https:\/\/api.w.org\/{rel}","templated":true}]}}