{"id":105453,"date":"2025-05-05T11:45:23","date_gmt":"2025-03-31T14:45:23","guid":{"rendered":"https:\/\/h-moser.com\/?post_type=product&#038;p=105453"},"modified":"2025-04-01T10:28:43","modified_gmt":"2025-04-01T08:28:43","slug":"streamliner-flyback-chronograph-6907-0402","status":"publish","type":"product","link":"https:\/\/h-moser.com\/fr\/produit\/streamliner-flyback-chronograph-6907-0402\/","title":{"rendered":"Streamliner Flyback Chronograph Automatic Midnight Blue fum\u00e9"},"content":{"rendered":"<p>Un design \u00e9l\u00e9gant. Le mouvement ing\u00e9nieux HMC 907. Un cadran Bleu Minuit fum\u00e9 avec une finition givr\u00e9e sculpt\u00e9e \u00e0 la main. Le Streamliner Flyback Chronographe Automatique Frozen repr\u00e9sente l&rsquo;horlogerie dans sa forme la plus pure et expressive. Encadr\u00e9e par un bo\u00eetier en or rouge 5N, cette montre aux proportions harmonieuses pr\u00e9sente une texture totalement unique qui capte \u00e0 la fois la lumi\u00e8re et le regard.<\/p>\n","protected":false},"excerpt":{"rendered":"<p>Un design \u00e9l\u00e9gant. Le mouvement ing\u00e9nieux HMC 907. Un cadran Bleu Minuit fum\u00e9 avec une finition givr\u00e9e sculpt\u00e9e \u00e0 la main. Le Streamliner Flyback Chronographe Automatique Frozen repr\u00e9sente l&rsquo;horlogerie dans sa forme la plus pure et expressive. Encadr\u00e9e par un bo\u00eetier en or rouge 5N, cette montre aux proportions harmonieuses pr\u00e9sente une texture totalement unique &hellip; <a href=\"https:\/\/h-moser.com\/fr\/produit\/streamliner-flyback-chronograph-6907-0402\/\">Continued<\/a><\/p>\n","protected":false},"featured_media":105497,"template":"","meta":{"_acf_changed":false,"_seopress_robots_primary_cat":"none","_seopress_titles_title":"","_seopress_titles_desc":"","_seopress_robots_index":""},"product_brand":[],"product_cat":[331,99],"product_tag":[],"class_list":{"0":"post-105453","1":"product","2":"type-product","3":"status-publish","4":"has-post-thumbnail","6":"product_cat-flyback-chronograph-fr","7":"product_cat-streamliner-fr","9":"first","10":"instock","11":"shipping-taxable","12":"purchasable","13":"product-type-simple"},"acf":[],"_links":{"self":[{"href":"https:\/\/h-moser.com\/fr\/wp-json\/wp\/v2\/product\/105453","targetHints":{"allow":["GET"]}}],"collection":[{"href":"https:\/\/h-moser.com\/fr\/wp-json\/wp\/v2\/product"}],"about":[{"href":"https:\/\/h-moser.com\/fr\/wp-json\/wp\/v2\/types\/product"}],"wp:featuredmedia":[{"embeddable":true,"href":"https:\/\/h-moser.com\/fr\/wp-json\/wp\/v2\/media\/105497"}],"wp:attachment":[{"href":"https:\/\/h-moser.com\/fr\/wp-json\/wp\/v2\/media?parent=105453"}],"wp:term":[{"taxonomy":"product_brand","embeddable":true,"href":"https:\/\/h-moser.com\/fr\/wp-json\/wp\/v2\/product_brand?post=105453"},{"taxonomy":"product_cat","embeddable":true,"href":"https:\/\/h-moser.com\/fr\/wp-json\/wp\/v2\/product_cat?post=105453"},{"taxonomy":"product_tag","embeddable":true,"href":"https:\/\/h-moser.com\/fr\/wp-json\/wp\/v2\/product_tag?post=105453"}],"curies":[{"name":"wp","href":"https:\/\/api.w.org\/{rel}","templated":true}]}}