{"id":10551,"date":"2020-08-11T12:25:40","date_gmt":"2020-08-31T16:05:21","guid":{"rendered":"https:\/\/dev.cosavostra.com\/hmoser\/product\/venturer-xl\/"},"modified":"2025-04-03T09:51:23","modified_gmt":"2025-04-03T07:51:23","slug":"venturer-xl","status":"publish","type":"product","link":"https:\/\/h-moser.com\/fr\/produit\/venturer-xl\/","title":{"rendered":"Venturer XL"},"content":{"rendered":"<p>Une cr\u00e9ation fid\u00e8le \u00e0 l&rsquo;esprit H. Moser &amp; Cie. Le credo minimaliste \u00e0 l&rsquo;origine de la version \u00ab\u00a0Concept\u00a0\u00bb a donn\u00e9 naissance \u00e0 une montre dont la chaude brillance du bo\u00eetier en or rouge contraste de mani\u00e8re saisissante avec la froideur du cadran Arctic Blue fum\u00e9, vierge de tout logo et de toute indication. Le bo\u00eetier rond aux formes g\u00e9n\u00e9reuses et le verre saphir bomb\u00e9 font ressortir chaque d\u00e9tail.<\/p>\n","protected":false},"excerpt":{"rendered":"<p>Une cr\u00e9ation fid\u00e8le \u00e0 l&rsquo;esprit H. Moser &amp; Cie. Le credo minimaliste \u00e0 l&rsquo;origine de la version \u00ab\u00a0Concept\u00a0\u00bb a donn\u00e9 naissance \u00e0 une montre dont la chaude brillance du bo\u00eetier en or rouge contraste de mani\u00e8re saisissante avec la froideur du cadran Arctic Blue fum\u00e9, vierge de tout logo et de toute indication. Le bo\u00eetier &hellip; <a href=\"https:\/\/h-moser.com\/fr\/produit\/venturer-xl\/\">Continued<\/a><\/p>\n","protected":false},"featured_media":10093,"template":"","meta":{"_acf_changed":false,"_seopress_robots_primary_cat":"none","_seopress_titles_title":"","_seopress_titles_desc":"","_seopress_robots_index":""},"product_brand":[],"product_cat":[304,318],"product_tag":[],"class_list":{"0":"post-10551","1":"product","2":"type-product","3":"status-publish","4":"has-post-thumbnail","6":"product_cat-specials-fr","7":"product_cat-venturer-xl-fr","9":"first","10":"outofstock","11":"shipping-taxable","12":"purchasable","13":"product-type-simple"},"acf":[],"_links":{"self":[{"href":"https:\/\/h-moser.com\/fr\/wp-json\/wp\/v2\/product\/10551","targetHints":{"allow":["GET"]}}],"collection":[{"href":"https:\/\/h-moser.com\/fr\/wp-json\/wp\/v2\/product"}],"about":[{"href":"https:\/\/h-moser.com\/fr\/wp-json\/wp\/v2\/types\/product"}],"wp:featuredmedia":[{"embeddable":true,"href":"https:\/\/h-moser.com\/fr\/wp-json\/wp\/v2\/media\/10093"}],"wp:attachment":[{"href":"https:\/\/h-moser.com\/fr\/wp-json\/wp\/v2\/media?parent=10551"}],"wp:term":[{"taxonomy":"product_brand","embeddable":true,"href":"https:\/\/h-moser.com\/fr\/wp-json\/wp\/v2\/product_brand?post=10551"},{"taxonomy":"product_cat","embeddable":true,"href":"https:\/\/h-moser.com\/fr\/wp-json\/wp\/v2\/product_cat?post=10551"},{"taxonomy":"product_tag","embeddable":true,"href":"https:\/\/h-moser.com\/fr\/wp-json\/wp\/v2\/product_tag?post=10551"}],"curies":[{"name":"wp","href":"https:\/\/api.w.org\/{rel}","templated":true}]}}