{"id":105520,"date":"2025-05-05T12:37:15","date_gmt":"2025-03-31T22:37:15","guid":{"rendered":"https:\/\/h-moser.com\/?post_type=product&#038;p=105520"},"modified":"2025-04-02T22:39:34","modified_gmt":"2025-04-02T20:39:34","slug":"streamliner-flyback-chronograph-6907-1205","status":"publish","type":"product","link":"https:\/\/h-moser.com\/fr\/produit\/streamliner-flyback-chronograph-6907-1205\/","title":{"rendered":"Streamliner Flyback Chronograph Automatic Matrix Green fum\u00e9"},"content":{"rendered":"<p>Pr\u00e9sent\u00e9e dans un bo\u00eetier en acier de 42.3 mm avec un cadran Vert Matrix fum\u00e9 qui capte toute l&rsquo;attention, la Streamliner Flyback Chronographe Automatique Frozen est un chef-d&rsquo;\u0153uvre s\u00e9duisant. Sa finition givr\u00e9e sculpt\u00e9e \u00e0 la main capte la lumi\u00e8re et la lib\u00e8re dans une explosion de reflets. Sous l&rsquo;angle parfait, ces reflets scintillent comme la neige au soleil. Anim\u00e9e par l&rsquo;ing\u00e9nieux HMC 907, ce chronographe d\u00e9fie le temps avec son \u00e9nergie brute et son esth\u00e9tique raffin\u00e9e.<\/p>\n","protected":false},"excerpt":{"rendered":"<p>Pr\u00e9sent\u00e9e dans un bo\u00eetier en acier de 42.3 mm avec un cadran Vert Matrix fum\u00e9 qui capte toute l&rsquo;attention, la Streamliner Flyback Chronographe Automatique Frozen est un chef-d&rsquo;\u0153uvre s\u00e9duisant. Sa finition givr\u00e9e sculpt\u00e9e \u00e0 la main capte la lumi\u00e8re et la lib\u00e8re dans une explosion de reflets. Sous l&rsquo;angle parfait, ces reflets scintillent comme la &hellip; <a href=\"https:\/\/h-moser.com\/fr\/produit\/streamliner-flyback-chronograph-6907-1205\/\">Continued<\/a><\/p>\n","protected":false},"featured_media":105534,"template":"","meta":{"_acf_changed":false,"_seopress_robots_primary_cat":"none","_seopress_titles_title":"","_seopress_titles_desc":"","_seopress_robots_index":""},"product_brand":[],"product_cat":[331,99],"product_tag":[],"class_list":{"0":"post-105520","1":"product","2":"type-product","3":"status-publish","4":"has-post-thumbnail","6":"product_cat-flyback-chronograph-fr","7":"product_cat-streamliner-fr","9":"first","10":"instock","11":"shipping-taxable","12":"purchasable","13":"product-type-simple"},"acf":[],"_links":{"self":[{"href":"https:\/\/h-moser.com\/fr\/wp-json\/wp\/v2\/product\/105520","targetHints":{"allow":["GET"]}}],"collection":[{"href":"https:\/\/h-moser.com\/fr\/wp-json\/wp\/v2\/product"}],"about":[{"href":"https:\/\/h-moser.com\/fr\/wp-json\/wp\/v2\/types\/product"}],"wp:featuredmedia":[{"embeddable":true,"href":"https:\/\/h-moser.com\/fr\/wp-json\/wp\/v2\/media\/105534"}],"wp:attachment":[{"href":"https:\/\/h-moser.com\/fr\/wp-json\/wp\/v2\/media?parent=105520"}],"wp:term":[{"taxonomy":"product_brand","embeddable":true,"href":"https:\/\/h-moser.com\/fr\/wp-json\/wp\/v2\/product_brand?post=105520"},{"taxonomy":"product_cat","embeddable":true,"href":"https:\/\/h-moser.com\/fr\/wp-json\/wp\/v2\/product_cat?post=105520"},{"taxonomy":"product_tag","embeddable":true,"href":"https:\/\/h-moser.com\/fr\/wp-json\/wp\/v2\/product_tag?post=105520"}],"curies":[{"name":"wp","href":"https:\/\/api.w.org\/{rel}","templated":true}]}}