{"id":10555,"date":"2020-08-13T17:05:50","date_gmt":"2020-08-31T16:13:29","guid":{"rendered":"https:\/\/dev.cosavostra.com\/hmoser\/product\/venturer-xl\/"},"modified":"2020-09-18T16:33:26","modified_gmt":"2020-09-18T14:33:26","slug":"venturer-xl-2","status":"publish","type":"product","link":"https:\/\/h-moser.com\/fr\/produit\/venturer-xl-2\/","title":{"rendered":"Venturer XL"},"content":{"rendered":"<p style=\"font-weight: 400;\"><span style=\"font-weight: 400;\">La plus noire des montres \u00e0 deux aiguilles uniquement d\u00e9di\u00e9es \u00e0 la mesure du temps. Une cr\u00e9ation fid\u00e8le \u00e0 l&rsquo;esprit H. Moser &amp; Cie. Le credo minimaliste \u00e0 l&rsquo;origine de la version \u00ab\u00a0Concept\u00a0\u00bb a donn\u00e9 naissance \u00e0 la Venturer XL Vantablack\u00ae. Le cadran de cette derni\u00e8re est fabriqu\u00e9 dans le mat\u00e9riau le plus sombre jamais cr\u00e9\u00e9, coupl\u00e9 \u00e0 des aiguilles des heures et des minutes noircies. La lecture de l&rsquo;heure se r\u00e9v\u00e8le \u00e9tonnamment facile, en contraste avec la noirceur absolue du cadran.<\/span><\/p>\n","protected":false},"excerpt":{"rendered":"<p>La plus noire des montres \u00e0 deux aiguilles uniquement d\u00e9di\u00e9es \u00e0 la mesure du temps. Une cr\u00e9ation fid\u00e8le \u00e0 l&rsquo;esprit H. Moser &amp; Cie. Le credo minimaliste \u00e0 l&rsquo;origine de la version \u00ab\u00a0Concept\u00a0\u00bb a donn\u00e9 naissance \u00e0 la Venturer XL Vantablack\u00ae. Le cadran de cette derni\u00e8re est fabriqu\u00e9 dans le mat\u00e9riau le plus sombre jamais &hellip; <a href=\"https:\/\/h-moser.com\/fr\/produit\/venturer-xl-2\/\">Continued<\/a><\/p>\n","protected":false},"featured_media":10128,"template":"","meta":{"_acf_changed":false,"_seopress_robots_primary_cat":"none","_seopress_titles_title":"","_seopress_titles_desc":"","_seopress_robots_index":""},"product_brand":[],"product_cat":[304,318],"product_tag":[],"class_list":{"0":"post-10555","1":"product","2":"type-product","3":"status-publish","4":"has-post-thumbnail","6":"product_cat-specials-fr","7":"product_cat-venturer-xl-fr","9":"first","10":"outofstock","11":"shipping-taxable","12":"purchasable","13":"product-type-simple"},"acf":[],"_links":{"self":[{"href":"https:\/\/h-moser.com\/fr\/wp-json\/wp\/v2\/product\/10555","targetHints":{"allow":["GET"]}}],"collection":[{"href":"https:\/\/h-moser.com\/fr\/wp-json\/wp\/v2\/product"}],"about":[{"href":"https:\/\/h-moser.com\/fr\/wp-json\/wp\/v2\/types\/product"}],"wp:featuredmedia":[{"embeddable":true,"href":"https:\/\/h-moser.com\/fr\/wp-json\/wp\/v2\/media\/10128"}],"wp:attachment":[{"href":"https:\/\/h-moser.com\/fr\/wp-json\/wp\/v2\/media?parent=10555"}],"wp:term":[{"taxonomy":"product_brand","embeddable":true,"href":"https:\/\/h-moser.com\/fr\/wp-json\/wp\/v2\/product_brand?post=10555"},{"taxonomy":"product_cat","embeddable":true,"href":"https:\/\/h-moser.com\/fr\/wp-json\/wp\/v2\/product_cat?post=10555"},{"taxonomy":"product_tag","embeddable":true,"href":"https:\/\/h-moser.com\/fr\/wp-json\/wp\/v2\/product_tag?post=10555"}],"curies":[{"name":"wp","href":"https:\/\/api.w.org\/{rel}","templated":true}]}}