{"id":105630,"date":"2025-04-01T01:36:28","date_gmt":"2025-03-31T23:36:28","guid":{"rendered":"https:\/\/h-moser.com\/?post_type=product&#038;p=105630"},"modified":"2025-04-07T14:23:27","modified_gmt":"2025-04-07T12:23:27","slug":"endeavour-tourbillon-turquoise-enamel-1805-0400","status":"publish","type":"product","link":"https:\/\/h-moser.com\/fr\/produit\/endeavour-tourbillon-turquoise-enamel-1805-0400\/","title":{"rendered":"Endeavour Tourbillon Concept Turquoise Enamel"},"content":{"rendered":"<p>L&rsquo;Endeavour Tourbillon Concept Turquoise Enamel apporte une modernit\u00e9 radicale \u00e0 l&rsquo;art ancestral de l&rsquo;\u00e9maillage Grand Feu. Son cadran turquoise envo\u00fbtant, log\u00e9 dans un bo\u00eetier en or rouge 5N de 40mm, rayonne d&rsquo;une intensit\u00e9 chromatique frappante. Au c\u0153ur de la montre bat le HMC 805, \u00e9quip\u00e9 d&rsquo;un tourbillon volant d&rsquo;une minute dot\u00e9 d&rsquo;un double spiral. Cela prouve que la haute horlogerie ne concerne pas seulement la pr\u00e9cision m\u00e9canique \u2014 elle concerne \u00e9galement la texture, la lumi\u00e8re et l&rsquo;\u00e9motion.<\/p>\n","protected":false},"excerpt":{"rendered":"<p>L&rsquo;Endeavour Tourbillon Concept Turquoise Enamel apporte une modernit\u00e9 radicale \u00e0 l&rsquo;art ancestral de l&rsquo;\u00e9maillage Grand Feu. Son cadran turquoise envo\u00fbtant, log\u00e9 dans un bo\u00eetier en or rouge 5N de 40mm, rayonne d&rsquo;une intensit\u00e9 chromatique frappante. Au c\u0153ur de la montre bat le HMC 805, \u00e9quip\u00e9 d&rsquo;un tourbillon volant d&rsquo;une minute dot\u00e9 d&rsquo;un double spiral. Cela &hellip; <a href=\"https:\/\/h-moser.com\/fr\/produit\/endeavour-tourbillon-turquoise-enamel-1805-0400\/\">Continued<\/a><\/p>\n","protected":false},"featured_media":105569,"template":"","meta":{"_acf_changed":false,"_seopress_robots_primary_cat":"none","_seopress_titles_title":"","_seopress_titles_desc":"","_seopress_robots_index":""},"product_brand":[],"product_cat":[168,218],"product_tag":[],"class_list":{"0":"post-105630","1":"product","2":"type-product","3":"status-publish","4":"has-post-thumbnail","6":"product_cat-endeavour-fr-2","7":"product_cat-tourbillon-fr","9":"first","10":"instock","11":"shipping-taxable","12":"purchasable","13":"product-type-simple"},"acf":[],"_links":{"self":[{"href":"https:\/\/h-moser.com\/fr\/wp-json\/wp\/v2\/product\/105630","targetHints":{"allow":["GET"]}}],"collection":[{"href":"https:\/\/h-moser.com\/fr\/wp-json\/wp\/v2\/product"}],"about":[{"href":"https:\/\/h-moser.com\/fr\/wp-json\/wp\/v2\/types\/product"}],"wp:featuredmedia":[{"embeddable":true,"href":"https:\/\/h-moser.com\/fr\/wp-json\/wp\/v2\/media\/105569"}],"wp:attachment":[{"href":"https:\/\/h-moser.com\/fr\/wp-json\/wp\/v2\/media?parent=105630"}],"wp:term":[{"taxonomy":"product_brand","embeddable":true,"href":"https:\/\/h-moser.com\/fr\/wp-json\/wp\/v2\/product_brand?post=105630"},{"taxonomy":"product_cat","embeddable":true,"href":"https:\/\/h-moser.com\/fr\/wp-json\/wp\/v2\/product_cat?post=105630"},{"taxonomy":"product_tag","embeddable":true,"href":"https:\/\/h-moser.com\/fr\/wp-json\/wp\/v2\/product_tag?post=105630"}],"curies":[{"name":"wp","href":"https:\/\/api.w.org\/{rel}","templated":true}]}}