{"id":10567,"date":"2020-08-11T12:10:30","date_gmt":"2020-08-31T16:22:58","guid":{"rendered":"https:\/\/dev.cosavostra.com\/hmoser\/product\/venturer\/"},"modified":"2020-09-17T10:37:32","modified_gmt":"2020-09-17T08:37:32","slug":"venturer-3","status":"publish","type":"product","link":"https:\/\/h-moser.com\/fr\/produit\/venturer-3\/","title":{"rendered":"Venturer"},"content":{"rendered":"<p>Une cr\u00e9ation fid\u00e8le \u00e0 l&rsquo;esprit H. Moser &amp; Cie. Le credo minimaliste \u00e0 l&rsquo;origine de la version \u00ab\u00a0Concept\u00a0\u00bb a donn\u00e9 naissance \u00e0 une montre dont la fra\u00eecheur du bo\u00eetier en or blanc se marie parfaitement avec le c\u00f4t\u00e9 froid du cadran Arctic Blue fum\u00e9, vierge de tout logo et de toute indication. Le bo\u00eetier convexe aux formes g\u00e9n\u00e9reuses et le verre saphir bomb\u00e9 font ressortir chaque d\u00e9tail.<\/p>\n","protected":false},"excerpt":{"rendered":"<p>Une cr\u00e9ation fid\u00e8le \u00e0 l&rsquo;esprit H. Moser &amp; Cie. Le credo minimaliste \u00e0 l&rsquo;origine de la version \u00ab\u00a0Concept\u00a0\u00bb a donn\u00e9 naissance \u00e0 une montre dont la fra\u00eecheur du bo\u00eetier en or blanc se marie parfaitement avec le c\u00f4t\u00e9 froid du cadran Arctic Blue fum\u00e9, vierge de tout logo et de toute indication. Le bo\u00eetier convexe &hellip; <a href=\"https:\/\/h-moser.com\/fr\/produit\/venturer-3\/\">Continued<\/a><\/p>\n","protected":false},"featured_media":10037,"template":"","meta":{"_acf_changed":false,"_seopress_robots_primary_cat":"none","_seopress_titles_title":"","_seopress_titles_desc":"","_seopress_robots_index":""},"product_brand":[],"product_cat":[304,310],"product_tag":[],"class_list":{"0":"post-10567","1":"product","2":"type-product","3":"status-publish","4":"has-post-thumbnail","6":"product_cat-specials-fr","7":"product_cat-venturer-fr","9":"first","10":"outofstock","11":"shipping-taxable","12":"purchasable","13":"product-type-simple"},"acf":[],"_links":{"self":[{"href":"https:\/\/h-moser.com\/fr\/wp-json\/wp\/v2\/product\/10567","targetHints":{"allow":["GET"]}}],"collection":[{"href":"https:\/\/h-moser.com\/fr\/wp-json\/wp\/v2\/product"}],"about":[{"href":"https:\/\/h-moser.com\/fr\/wp-json\/wp\/v2\/types\/product"}],"wp:featuredmedia":[{"embeddable":true,"href":"https:\/\/h-moser.com\/fr\/wp-json\/wp\/v2\/media\/10037"}],"wp:attachment":[{"href":"https:\/\/h-moser.com\/fr\/wp-json\/wp\/v2\/media?parent=10567"}],"wp:term":[{"taxonomy":"product_brand","embeddable":true,"href":"https:\/\/h-moser.com\/fr\/wp-json\/wp\/v2\/product_brand?post=10567"},{"taxonomy":"product_cat","embeddable":true,"href":"https:\/\/h-moser.com\/fr\/wp-json\/wp\/v2\/product_cat?post=10567"},{"taxonomy":"product_tag","embeddable":true,"href":"https:\/\/h-moser.com\/fr\/wp-json\/wp\/v2\/product_tag?post=10567"}],"curies":[{"name":"wp","href":"https:\/\/api.w.org\/{rel}","templated":true}]}}