{"id":10571,"date":"2020-08-13T16:51:08","date_gmt":"2020-08-31T16:26:29","guid":{"rendered":"https:\/\/dev.cosavostra.com\/hmoser\/product\/venturer\/"},"modified":"2025-04-03T09:49:27","modified_gmt":"2025-04-03T07:49:27","slug":"venturer-5","status":"publish","type":"product","link":"https:\/\/h-moser.com\/fr\/produit\/venturer-5\/","title":{"rendered":"Venturer"},"content":{"rendered":"<p><span style=\"font-weight: 400;\">La plus noire des montres \u00e0 deux aiguilles uniquement d\u00e9di\u00e9es \u00e0 la mesure du temps. Une cr\u00e9ation fid\u00e8le \u00e0 l&rsquo;esprit H. Moser &amp; Cie. Le credo minimaliste \u00e0 l&rsquo;origine de la version \u00ab\u00a0Concept\u00a0\u00bb a donn\u00e9 naissance \u00e0 la Venturer en <\/span><span style=\"font-weight: 400;\"><span style=\"font-weight: 400;\">or blanc avec un cadran Vantablack\u00ae.<\/span><span style=\"font-weight: 400;\"> Ce dernier, fabriqu\u00e9 dans le mat\u00e9riau le plus sombre jamais cr\u00e9\u00e9, est associ\u00e9 \u00e0 des aiguilles des heures et des minutes noircies. La lecture de l&rsquo;heure se r\u00e9v\u00e8le \u00e9tonnamment facile, en contraste avec la noirceur absolue du cadran.<\/span><\/span><\/p>\n","protected":false},"excerpt":{"rendered":"<p>La plus noire des montres \u00e0 deux aiguilles uniquement d\u00e9di\u00e9es \u00e0 la mesure du temps. Une cr\u00e9ation fid\u00e8le \u00e0 l&rsquo;esprit H. Moser &amp; Cie. Le credo minimaliste \u00e0 l&rsquo;origine de la version \u00ab\u00a0Concept\u00a0\u00bb a donn\u00e9 naissance \u00e0 la Venturer en or blanc avec un cadran Vantablack\u00ae. Ce dernier, fabriqu\u00e9 dans le mat\u00e9riau le plus sombre &hellip; <a href=\"https:\/\/h-moser.com\/fr\/produit\/venturer-5\/\">Continued<\/a><\/p>\n","protected":false},"featured_media":9939,"template":"","meta":{"_acf_changed":false,"_seopress_robots_primary_cat":"none","_seopress_titles_title":"","_seopress_titles_desc":"","_seopress_robots_index":""},"product_brand":[],"product_cat":[304,310],"product_tag":[],"class_list":{"0":"post-10571","1":"product","2":"type-product","3":"status-publish","4":"has-post-thumbnail","6":"product_cat-specials-fr","7":"product_cat-venturer-fr","9":"first","10":"outofstock","11":"sold-individually","12":"shipping-taxable","13":"purchasable","14":"product-type-simple"},"acf":[],"_links":{"self":[{"href":"https:\/\/h-moser.com\/fr\/wp-json\/wp\/v2\/product\/10571","targetHints":{"allow":["GET"]}}],"collection":[{"href":"https:\/\/h-moser.com\/fr\/wp-json\/wp\/v2\/product"}],"about":[{"href":"https:\/\/h-moser.com\/fr\/wp-json\/wp\/v2\/types\/product"}],"wp:featuredmedia":[{"embeddable":true,"href":"https:\/\/h-moser.com\/fr\/wp-json\/wp\/v2\/media\/9939"}],"wp:attachment":[{"href":"https:\/\/h-moser.com\/fr\/wp-json\/wp\/v2\/media?parent=10571"}],"wp:term":[{"taxonomy":"product_brand","embeddable":true,"href":"https:\/\/h-moser.com\/fr\/wp-json\/wp\/v2\/product_brand?post=10571"},{"taxonomy":"product_cat","embeddable":true,"href":"https:\/\/h-moser.com\/fr\/wp-json\/wp\/v2\/product_cat?post=10571"},{"taxonomy":"product_tag","embeddable":true,"href":"https:\/\/h-moser.com\/fr\/wp-json\/wp\/v2\/product_tag?post=10571"}],"curies":[{"name":"wp","href":"https:\/\/api.w.org\/{rel}","templated":true}]}}