{"id":10575,"date":"2020-08-11T12:01:03","date_gmt":"2020-08-31T16:29:56","guid":{"rendered":"https:\/\/dev.cosavostra.com\/hmoser\/product\/venturer\/"},"modified":"2024-03-21T15:24:20","modified_gmt":"2024-03-21T14:24:20","slug":"venturer","status":"publish","type":"product","link":"https:\/\/h-moser.com\/fr\/produit\/venturer\/","title":{"rendered":"Venturer"},"content":{"rendered":"<p>Une cr\u00e9ation fid\u00e8le \u00e0 l&rsquo;esprit H. Moser &amp; Cie. Le credo minimaliste \u00e0 l&rsquo;origine de la version \u00ab\u00a0Concept\u00a0\u00bb a donn\u00e9 naissance \u00e0 la Venturer Vantablack\u00ae, dont le cadran fabriqu\u00e9 dans le mat\u00e9riau le plus sombre jamais cr\u00e9\u00e9, est associ\u00e9 \u00e0 un bo\u00eetier et \u00e0 des aiguilles en or rouge, dont la chaude brillance contraste avec la noirceur absolue du cadran.<\/p>\n","protected":false},"excerpt":{"rendered":"<p>Une cr\u00e9ation fid\u00e8le \u00e0 l&rsquo;esprit H. Moser &amp; Cie. Le credo minimaliste \u00e0 l&rsquo;origine de la version \u00ab\u00a0Concept\u00a0\u00bb a donn\u00e9 naissance \u00e0 la Venturer Vantablack\u00ae, dont le cadran fabriqu\u00e9 dans le mat\u00e9riau le plus sombre jamais cr\u00e9\u00e9, est associ\u00e9 \u00e0 un bo\u00eetier et \u00e0 des aiguilles en or rouge, dont la chaude brillance contraste avec &hellip; <a href=\"https:\/\/h-moser.com\/fr\/produit\/venturer\/\">Continued<\/a><\/p>\n","protected":false},"featured_media":9974,"template":"","meta":{"_acf_changed":false,"_seopress_robots_primary_cat":"none","_seopress_titles_title":"","_seopress_titles_desc":"","_seopress_robots_index":""},"product_brand":[],"product_cat":[304,310],"product_tag":[],"class_list":{"0":"post-10575","1":"product","2":"type-product","3":"status-publish","4":"has-post-thumbnail","6":"product_cat-specials-fr","7":"product_cat-venturer-fr","9":"first","10":"outofstock","11":"shipping-taxable","12":"purchasable","13":"product-type-simple"},"acf":[],"_links":{"self":[{"href":"https:\/\/h-moser.com\/fr\/wp-json\/wp\/v2\/product\/10575","targetHints":{"allow":["GET"]}}],"collection":[{"href":"https:\/\/h-moser.com\/fr\/wp-json\/wp\/v2\/product"}],"about":[{"href":"https:\/\/h-moser.com\/fr\/wp-json\/wp\/v2\/types\/product"}],"wp:featuredmedia":[{"embeddable":true,"href":"https:\/\/h-moser.com\/fr\/wp-json\/wp\/v2\/media\/9974"}],"wp:attachment":[{"href":"https:\/\/h-moser.com\/fr\/wp-json\/wp\/v2\/media?parent=10575"}],"wp:term":[{"taxonomy":"product_brand","embeddable":true,"href":"https:\/\/h-moser.com\/fr\/wp-json\/wp\/v2\/product_brand?post=10575"},{"taxonomy":"product_cat","embeddable":true,"href":"https:\/\/h-moser.com\/fr\/wp-json\/wp\/v2\/product_cat?post=10575"},{"taxonomy":"product_tag","embeddable":true,"href":"https:\/\/h-moser.com\/fr\/wp-json\/wp\/v2\/product_tag?post=10575"}],"curies":[{"name":"wp","href":"https:\/\/api.w.org\/{rel}","templated":true}]}}