{"id":10583,"date":"2020-08-11T11:28:40","date_gmt":"2020-08-31T16:39:39","guid":{"rendered":"https:\/\/dev.cosavostra.com\/hmoser\/product\/heritage-perpetual-calendar\/"},"modified":"2024-03-14T12:23:09","modified_gmt":"2024-03-14T11:23:09","slug":"heritage-perpetual-calendar","status":"publish","type":"product","link":"https:\/\/h-moser.com\/fr\/produit\/heritage-perpetual-calendar\/","title":{"rendered":"Heritage Perpetual Calendar"},"content":{"rendered":"<p>Le Heritage Perpetual Calendar en or rouge avec un cadran \u00e9maill\u00e9 consacre et prot\u00e8ge l&rsquo;union de l&rsquo;artisanat traditionnel et des progr\u00e8s de l&rsquo;horlogerie. Il est une preuve indiscutable que tradition et modernit\u00e9 peuvent coexister. Dot\u00e9 d&rsquo;un calendrier perp\u00e9tuel prim\u00e9 ainsi que d&rsquo;un couvercle grav\u00e9 \u00e0 la main richement ouvrag\u00e9, il s&rsquo;agit d&rsquo;une \u0153uvre d&rsquo;art \u00e0 l&rsquo;avenir prometteur.<\/p>\n","protected":false},"excerpt":{"rendered":"<p>Le Heritage Perpetual Calendar en or rouge avec un cadran \u00e9maill\u00e9 consacre et prot\u00e8ge l&rsquo;union de l&rsquo;artisanat traditionnel et des progr\u00e8s de l&rsquo;horlogerie. Il est une preuve indiscutable que tradition et modernit\u00e9 peuvent coexister. Dot\u00e9 d&rsquo;un calendrier perp\u00e9tuel prim\u00e9 ainsi que d&rsquo;un couvercle grav\u00e9 \u00e0 la main richement ouvrag\u00e9, il s&rsquo;agit d&rsquo;une \u0153uvre d&rsquo;art \u00e0 &hellip; <a href=\"https:\/\/h-moser.com\/fr\/produit\/heritage-perpetual-calendar\/\">Continued<\/a><\/p>\n","protected":false},"featured_media":10170,"template":"","meta":{"_acf_changed":false,"_seopress_robots_primary_cat":"none","_seopress_titles_title":"","_seopress_titles_desc":"","_seopress_robots_index":""},"product_brand":[],"product_cat":[224,234],"product_tag":[],"class_list":{"0":"post-10583","1":"product","2":"type-product","3":"status-publish","4":"has-post-thumbnail","6":"product_cat-exceptionals-fr","7":"product_cat-heritage-perpetual-calendar-fr","9":"first","10":"instock","11":"sold-individually","12":"shipping-taxable","13":"product-type-simple"},"acf":[],"_links":{"self":[{"href":"https:\/\/h-moser.com\/fr\/wp-json\/wp\/v2\/product\/10583","targetHints":{"allow":["GET"]}}],"collection":[{"href":"https:\/\/h-moser.com\/fr\/wp-json\/wp\/v2\/product"}],"about":[{"href":"https:\/\/h-moser.com\/fr\/wp-json\/wp\/v2\/types\/product"}],"wp:featuredmedia":[{"embeddable":true,"href":"https:\/\/h-moser.com\/fr\/wp-json\/wp\/v2\/media\/10170"}],"wp:attachment":[{"href":"https:\/\/h-moser.com\/fr\/wp-json\/wp\/v2\/media?parent=10583"}],"wp:term":[{"taxonomy":"product_brand","embeddable":true,"href":"https:\/\/h-moser.com\/fr\/wp-json\/wp\/v2\/product_brand?post=10583"},{"taxonomy":"product_cat","embeddable":true,"href":"https:\/\/h-moser.com\/fr\/wp-json\/wp\/v2\/product_cat?post=10583"},{"taxonomy":"product_tag","embeddable":true,"href":"https:\/\/h-moser.com\/fr\/wp-json\/wp\/v2\/product_tag?post=10583"}],"curies":[{"name":"wp","href":"https:\/\/api.w.org\/{rel}","templated":true}]}}