{"id":10587,"date":"2020-08-11T11:49:19","date_gmt":"2020-09-16T20:38:05","guid":{"rendered":"https:\/\/dev.cosavostra.com\/hmoser\/?post_type=product&#038;p=10587"},"modified":"2025-04-03T09:45:01","modified_gmt":"2025-04-03T07:45:01","slug":"swiss-alp-watch-5324-1205","status":"publish","type":"product","link":"https:\/\/h-moser.com\/fr\/produit\/swiss-alp-watch-5324-1205\/","title":{"rendered":"Swiss Alp Watch"},"content":{"rendered":"<p>La version ultime de la Swiss Alp Watch, mod\u00e8le paradoxal, satirique et fantaisiste sign\u00e9 H. Moser &amp; Cie., est une montre qui sous l&rsquo;aspect d&rsquo;une \u00ab\u00a0montre intelligente\u00a0\u00bb, pr\u00e9sente l&rsquo;ing\u00e9niosit\u00e9 \u00e9prouv\u00e9e d&rsquo;un mouvement m\u00e9canique traditionnel. La Swiss Alp Watch Final Upgrade est dot\u00e9e d&rsquo;un bo\u00eetier en acier trait\u00e9 DLC et d&rsquo;un cadran Vantablack\u00ae. \u00c0 la place de l&rsquo;aiguille des secondes, \u00e0 six heures, un indicateur de la marche \u00e9voquant le symbole du \u00ab\u00a0chargement\u00a0\u00bb est en rotation constante.<\/p>\n","protected":false},"excerpt":{"rendered":"<p>La version ultime de la Swiss Alp Watch, mod\u00e8le paradoxal, satirique et fantaisiste sign\u00e9 H. Moser &amp; Cie., est une montre qui sous l&rsquo;aspect d&rsquo;une \u00ab\u00a0montre intelligente\u00a0\u00bb, pr\u00e9sente l&rsquo;ing\u00e9niosit\u00e9 \u00e9prouv\u00e9e d&rsquo;un mouvement m\u00e9canique traditionnel. La Swiss Alp Watch Final Upgrade est dot\u00e9e d&rsquo;un bo\u00eetier en acier trait\u00e9 DLC et d&rsquo;un cadran Vantablack\u00ae. \u00c0 la place &hellip; <a href=\"https:\/\/h-moser.com\/fr\/produit\/swiss-alp-watch-5324-1205\/\">Continued<\/a><\/p>\n","protected":false},"featured_media":17376,"template":"","meta":{"_acf_changed":false,"_seopress_robots_primary_cat":"none","_seopress_titles_title":"H. Moser &amp; Cie. \u2013 Swiss Alp Watch Final Edition","_seopress_titles_desc":"La Swiss Alp Watch Final Edition, la version ultime du mod\u00e8le embl\u00e9matique de &#039;H. Moser &amp; Cie.","_seopress_robots_index":""},"product_brand":[],"product_cat":[304,1330],"product_tag":[],"class_list":{"0":"post-10587","1":"product","2":"type-product","3":"status-publish","4":"has-post-thumbnail","6":"product_cat-specials-fr","7":"product_cat-swiss-alp-watch-fr","9":"first","10":"outofstock","11":"shipping-taxable","12":"product-type-simple"},"acf":[],"_links":{"self":[{"href":"https:\/\/h-moser.com\/fr\/wp-json\/wp\/v2\/product\/10587","targetHints":{"allow":["GET"]}}],"collection":[{"href":"https:\/\/h-moser.com\/fr\/wp-json\/wp\/v2\/product"}],"about":[{"href":"https:\/\/h-moser.com\/fr\/wp-json\/wp\/v2\/types\/product"}],"wp:featuredmedia":[{"embeddable":true,"href":"https:\/\/h-moser.com\/fr\/wp-json\/wp\/v2\/media\/17376"}],"wp:attachment":[{"href":"https:\/\/h-moser.com\/fr\/wp-json\/wp\/v2\/media?parent=10587"}],"wp:term":[{"taxonomy":"product_brand","embeddable":true,"href":"https:\/\/h-moser.com\/fr\/wp-json\/wp\/v2\/product_brand?post=10587"},{"taxonomy":"product_cat","embeddable":true,"href":"https:\/\/h-moser.com\/fr\/wp-json\/wp\/v2\/product_cat?post=10587"},{"taxonomy":"product_tag","embeddable":true,"href":"https:\/\/h-moser.com\/fr\/wp-json\/wp\/v2\/product_tag?post=10587"}],"curies":[{"name":"wp","href":"https:\/\/api.w.org\/{rel}","templated":true}]}}