{"id":10591,"date":"2020-08-11T11:41:18","date_gmt":"2020-08-31T16:46:55","guid":{"rendered":"https:\/\/dev.cosavostra.com\/hmoser\/product\/swiss-alp-watch-3\/"},"modified":"2024-03-21T15:12:22","modified_gmt":"2024-03-21T14:12:22","slug":"swiss-alp-watch-3","status":"publish","type":"product","link":"https:\/\/h-moser.com\/fr\/produit\/swiss-alp-watch-3\/","title":{"rendered":"Swiss Alp Watch"},"content":{"rendered":"<p>Inspir\u00e9e d&rsquo;une certaine \u00ab\u00a0montre intelligente\u00a0\u00bb rectangulaire, la Swiss Alp Watch Minute Repeater Concept Black sonne l&rsquo;heure plut\u00f4t que de l&rsquo;afficher. Mettant en \u0153uvre les meilleures techniques ancestrales, la r\u00e9p\u00e9tition minutes indique l&rsquo;heure \u00e0 la demande, gr\u00e2ce \u00e0 une s\u00e9rie de marteaux et de timbres. Son cadran noir brillant, vierge de toute aiguille ou de toute fioriture, ne comprend qu&rsquo;un tourbillon volant situ\u00e9 \u00e0 six heures. Une fa\u00e7on de rappeler que l&rsquo;horlogerie traditionnelle est en mouvement perp\u00e9tuel.<\/p>\n","protected":false},"excerpt":{"rendered":"<p>Inspir\u00e9e d&rsquo;une certaine \u00ab\u00a0montre intelligente\u00a0\u00bb rectangulaire, la Swiss Alp Watch Minute Repeater Concept Black sonne l&rsquo;heure plut\u00f4t que de l&rsquo;afficher. Mettant en \u0153uvre les meilleures techniques ancestrales, la r\u00e9p\u00e9tition minutes indique l&rsquo;heure \u00e0 la demande, gr\u00e2ce \u00e0 une s\u00e9rie de marteaux et de timbres. Son cadran noir brillant, vierge de toute aiguille ou de toute &hellip; <a href=\"https:\/\/h-moser.com\/fr\/produit\/swiss-alp-watch-3\/\">Continued<\/a><\/p>\n","protected":false},"featured_media":10282,"template":"","meta":{"_acf_changed":false,"_seopress_robots_primary_cat":"none","_seopress_titles_title":"","_seopress_titles_desc":"","_seopress_robots_index":""},"product_brand":[],"product_cat":[224,242],"product_tag":[],"class_list":{"0":"post-10591","1":"product","2":"type-product","3":"status-publish","4":"has-post-thumbnail","6":"product_cat-exceptionals-fr","7":"product_cat-swiss-alp-watch-minute-repeater-fr","9":"first","10":"outofstock","11":"sold-individually","12":"shipping-taxable","13":"product-type-simple"},"acf":[],"_links":{"self":[{"href":"https:\/\/h-moser.com\/fr\/wp-json\/wp\/v2\/product\/10591","targetHints":{"allow":["GET"]}}],"collection":[{"href":"https:\/\/h-moser.com\/fr\/wp-json\/wp\/v2\/product"}],"about":[{"href":"https:\/\/h-moser.com\/fr\/wp-json\/wp\/v2\/types\/product"}],"wp:featuredmedia":[{"embeddable":true,"href":"https:\/\/h-moser.com\/fr\/wp-json\/wp\/v2\/media\/10282"}],"wp:attachment":[{"href":"https:\/\/h-moser.com\/fr\/wp-json\/wp\/v2\/media?parent=10591"}],"wp:term":[{"taxonomy":"product_brand","embeddable":true,"href":"https:\/\/h-moser.com\/fr\/wp-json\/wp\/v2\/product_brand?post=10591"},{"taxonomy":"product_cat","embeddable":true,"href":"https:\/\/h-moser.com\/fr\/wp-json\/wp\/v2\/product_cat?post=10591"},{"taxonomy":"product_tag","embeddable":true,"href":"https:\/\/h-moser.com\/fr\/wp-json\/wp\/v2\/product_tag?post=10591"}],"curies":[{"name":"wp","href":"https:\/\/api.w.org\/{rel}","templated":true}]}}