{"id":10597,"date":"2020-08-11T10:47:24","date_gmt":"2020-08-31T16:52:43","guid":{"rendered":"https:\/\/dev.cosavostra.com\/hmoser\/product\/endeavour-tourbillon\/"},"modified":"2024-03-14T12:22:47","modified_gmt":"2024-03-14T11:22:47","slug":"endeavour-tourbillon-6","status":"publish","type":"product","link":"https:\/\/h-moser.com\/fr\/produit\/endeavour-tourbillon-6\/","title":{"rendered":"Endeavour Tourbillon"},"content":{"rendered":"<p>Le Endeavour Tourbillon en or blanc serti de diamants \u00e0 cadra serti de saphir conf\u00e8re \u00e0 la sophistication l\u2019allure de la simplicit\u00e9, en unissant le style ultra-minimaliste de la version Concept de H. Moser &amp; Cie. (ni logo ni index) \u00e0 un tourbillon volant une minute \u00e0 double spiral. D\u2019une pr\u00e9cision exceptionnelle, ce tourbillon, par ses mouvements, offre un spectacle hypnotique au travers de son cadran muni d\u2019une ouverture partielle.<\/p>\n","protected":false},"excerpt":{"rendered":"<p>Le Endeavour Tourbillon en or blanc serti de diamants \u00e0 cadra serti de saphir conf\u00e8re \u00e0 la sophistication l\u2019allure de la simplicit\u00e9, en unissant le style ultra-minimaliste de la version Concept de H. Moser &amp; Cie. (ni logo ni index) \u00e0 un tourbillon volant une minute \u00e0 double spiral. D\u2019une pr\u00e9cision exceptionnelle, ce tourbillon, par &hellip; <a href=\"https:\/\/h-moser.com\/fr\/produit\/endeavour-tourbillon-6\/\">Continued<\/a><\/p>\n","protected":false},"featured_media":13727,"template":"","meta":{"_acf_changed":false,"_seopress_robots_primary_cat":"none","_seopress_titles_title":"","_seopress_titles_desc":"","_seopress_robots_index":""},"product_brand":[],"product_cat":[229,224],"product_tag":[],"class_list":{"0":"post-10597","1":"product","2":"type-product","3":"status-publish","4":"has-post-thumbnail","6":"product_cat-endeavour-tourbillon-fr","7":"product_cat-exceptionals-fr","9":"first","10":"instock","11":"sold-individually","12":"shipping-taxable","13":"product-type-simple"},"acf":[],"_links":{"self":[{"href":"https:\/\/h-moser.com\/fr\/wp-json\/wp\/v2\/product\/10597","targetHints":{"allow":["GET"]}}],"collection":[{"href":"https:\/\/h-moser.com\/fr\/wp-json\/wp\/v2\/product"}],"about":[{"href":"https:\/\/h-moser.com\/fr\/wp-json\/wp\/v2\/types\/product"}],"wp:featuredmedia":[{"embeddable":true,"href":"https:\/\/h-moser.com\/fr\/wp-json\/wp\/v2\/media\/13727"}],"wp:attachment":[{"href":"https:\/\/h-moser.com\/fr\/wp-json\/wp\/v2\/media?parent=10597"}],"wp:term":[{"taxonomy":"product_brand","embeddable":true,"href":"https:\/\/h-moser.com\/fr\/wp-json\/wp\/v2\/product_brand?post=10597"},{"taxonomy":"product_cat","embeddable":true,"href":"https:\/\/h-moser.com\/fr\/wp-json\/wp\/v2\/product_cat?post=10597"},{"taxonomy":"product_tag","embeddable":true,"href":"https:\/\/h-moser.com\/fr\/wp-json\/wp\/v2\/product_tag?post=10597"}],"curies":[{"name":"wp","href":"https:\/\/api.w.org\/{rel}","templated":true}]}}