{"id":106252,"date":"2025-04-15T10:10:52","date_gmt":"2025-04-15T08:11:42","guid":{"rendered":"https:\/\/h-moser.com\/?post_type=product&#038;p=106252"},"modified":"2025-04-15T10:35:37","modified_gmt":"2025-04-15T08:35:37","slug":"pioneer-centre-seconds-3201-1200","status":"publish","type":"product","link":"https:\/\/h-moser.com\/fr\/produit\/pioneer-centre-seconds-3201-1200\/","title":{"rendered":"Pioneer Centre Seconds Sunny-Side Up"},"content":{"rendered":"<p>Qu&rsquo;est-ce qui est venu en premier : le poulet ou l&rsquo;\u0153uf ? La Pioneer Centre Seconds Sunny-Side Up demande : \u00ab Est-ce important ? \u00bb Avec son design accrocheur, cette montre de 40 mm apporte une touche d\u00e9licieuse \u00e0 la collection Pioneer. Le cadran jaune fum\u00e9 brille comme un jaune d&rsquo;\u0153uf caress\u00e9 par le soleil, tandis que le bracelet en caoutchouc blanc refl\u00e8te la clart\u00e9 immacul\u00e9e des blancs d&rsquo;\u0153ufs fermes. Anim\u00e9e par le HMC 201, c&rsquo;est un rappel ludique que peu importe ce qui est venu en premier ou en dernier \u2014 il suffit de profiter du moment pr\u00e9sent. Oh regardez, il est temps pour le brunch.<\/p>\n","protected":false},"excerpt":{"rendered":"<p>Qu&rsquo;est-ce qui est venu en premier : le poulet ou l&rsquo;\u0153uf ? La Pioneer Centre Seconds Sunny-Side Up demande : \u00ab Est-ce important ? \u00bb Avec son design accrocheur, cette montre de 40 mm apporte une touche d\u00e9licieuse \u00e0 la collection Pioneer. Le cadran jaune fum\u00e9 brille comme un jaune d&rsquo;\u0153uf caress\u00e9 par le soleil, &hellip; <a href=\"https:\/\/h-moser.com\/fr\/produit\/pioneer-centre-seconds-3201-1200\/\">Continued<\/a><\/p>\n","protected":false},"featured_media":106175,"template":"","meta":{"_acf_changed":false,"_seopress_robots_primary_cat":"none","_seopress_titles_title":"","_seopress_titles_desc":"","_seopress_robots_index":""},"product_brand":[],"product_cat":[278,273],"product_tag":[],"class_list":{"0":"post-106252","1":"product","2":"type-product","3":"status-publish","4":"has-post-thumbnail","6":"product_cat-centre-seconds-2-fr","7":"product_cat-pioneer-fr","9":"first","10":"instock","11":"shipping-taxable","12":"purchasable","13":"product-type-simple"},"acf":[],"_links":{"self":[{"href":"https:\/\/h-moser.com\/fr\/wp-json\/wp\/v2\/product\/106252","targetHints":{"allow":["GET"]}}],"collection":[{"href":"https:\/\/h-moser.com\/fr\/wp-json\/wp\/v2\/product"}],"about":[{"href":"https:\/\/h-moser.com\/fr\/wp-json\/wp\/v2\/types\/product"}],"wp:featuredmedia":[{"embeddable":true,"href":"https:\/\/h-moser.com\/fr\/wp-json\/wp\/v2\/media\/106175"}],"wp:attachment":[{"href":"https:\/\/h-moser.com\/fr\/wp-json\/wp\/v2\/media?parent=106252"}],"wp:term":[{"taxonomy":"product_brand","embeddable":true,"href":"https:\/\/h-moser.com\/fr\/wp-json\/wp\/v2\/product_brand?post=106252"},{"taxonomy":"product_cat","embeddable":true,"href":"https:\/\/h-moser.com\/fr\/wp-json\/wp\/v2\/product_cat?post=106252"},{"taxonomy":"product_tag","embeddable":true,"href":"https:\/\/h-moser.com\/fr\/wp-json\/wp\/v2\/product_tag?post=106252"}],"curies":[{"name":"wp","href":"https:\/\/api.w.org\/{rel}","templated":true}]}}