{"id":106885,"date":"2025-05-05T11:17:54","date_gmt":"2025-05-05T09:17:54","guid":{"rendered":"https:\/\/h-moser.com\/?post_type=product&#038;p=106885"},"modified":"2025-05-07T11:04:56","modified_gmt":"2025-05-07T09:04:56","slug":"streamliner-tourbillon-rainbow-6814-1201","status":"publish","type":"product","link":"https:\/\/h-moser.com\/fr\/produit\/streamliner-tourbillon-rainbow-6814-1201\/","title":{"rendered":"Streamliner Tourbillon Skeleton Rainbow"},"content":{"rendered":"<p>Des saphirs sertis de mani\u00e8re invisible illuminent la carrure du Streamliner Tourbillon Skeleton Rainbow, insufflant une \u00e9nergie vibrante \u00e0 ses lignes \u00e9pur\u00e9es. Le bo\u00eetier en acier ajoute une touche contemporaine, mettant en valeur l\u2019\u00e9clat des pierres et la transparence du mouvement squelette. Au c\u0153ur de la montre, le tourbillon volant \u00e9quip\u00e9 d\u2019un double spiral semble flotter. Chaque d\u00e9tail refl\u00e8te notre qu\u00eate de puret\u00e9, de pr\u00e9cision et d\u2019innovation. Audacieuse dans son design, po\u00e9tique dans son \u00e2me : une ic\u00f4ne moderne revisit\u00e9e \u00e0 travers le prisme des couleurs chatoyantes de l\u2019arc-en-ciel.<\/p>\n","protected":false},"excerpt":{"rendered":"<p>Des saphirs sertis de mani\u00e8re invisible illuminent la carrure du Streamliner Tourbillon Skeleton Rainbow, insufflant une \u00e9nergie vibrante \u00e0 ses lignes \u00e9pur\u00e9es. Le bo\u00eetier en acier ajoute une touche contemporaine, mettant en valeur l\u2019\u00e9clat des pierres et la transparence du mouvement squelette. Au c\u0153ur de la montre, le tourbillon volant \u00e9quip\u00e9 d\u2019un double spiral semble &hellip; <a href=\"https:\/\/h-moser.com\/fr\/produit\/streamliner-tourbillon-rainbow-6814-1201\/\">Continued<\/a><\/p>\n","protected":false},"featured_media":109830,"template":"","meta":{"_acf_changed":false,"_seopress_robots_primary_cat":"none","_seopress_titles_title":"","_seopress_titles_desc":"","_seopress_robots_index":""},"product_brand":[],"product_cat":[2391,99],"product_tag":[],"class_list":{"0":"post-106885","1":"product","2":"type-product","3":"status-publish","4":"has-post-thumbnail","6":"product_cat-rainbow-fr","7":"product_cat-streamliner-fr","9":"first","10":"instock","11":"shipping-taxable","12":"purchasable","13":"product-type-simple"},"acf":[],"_links":{"self":[{"href":"https:\/\/h-moser.com\/fr\/wp-json\/wp\/v2\/product\/106885","targetHints":{"allow":["GET"]}}],"collection":[{"href":"https:\/\/h-moser.com\/fr\/wp-json\/wp\/v2\/product"}],"about":[{"href":"https:\/\/h-moser.com\/fr\/wp-json\/wp\/v2\/types\/product"}],"wp:featuredmedia":[{"embeddable":true,"href":"https:\/\/h-moser.com\/fr\/wp-json\/wp\/v2\/media\/109830"}],"wp:attachment":[{"href":"https:\/\/h-moser.com\/fr\/wp-json\/wp\/v2\/media?parent=106885"}],"wp:term":[{"taxonomy":"product_brand","embeddable":true,"href":"https:\/\/h-moser.com\/fr\/wp-json\/wp\/v2\/product_brand?post=106885"},{"taxonomy":"product_cat","embeddable":true,"href":"https:\/\/h-moser.com\/fr\/wp-json\/wp\/v2\/product_cat?post=106885"},{"taxonomy":"product_tag","embeddable":true,"href":"https:\/\/h-moser.com\/fr\/wp-json\/wp\/v2\/product_tag?post=106885"}],"curies":[{"name":"wp","href":"https:\/\/api.w.org\/{rel}","templated":true}]}}