{"id":106897,"date":"2025-05-05T11:28:47","date_gmt":"2025-05-05T09:28:47","guid":{"rendered":"https:\/\/h-moser.com\/?post_type=product&#038;p=106897"},"modified":"2025-05-07T11:41:33","modified_gmt":"2025-05-07T09:41:33","slug":"streamliner-tourbillon-rainbow-6814-0401","status":"publish","type":"product","link":"https:\/\/h-moser.com\/fr\/produit\/streamliner-tourbillon-rainbow-6814-0401\/","title":{"rendered":"Streamliner Tourbillon Skeleton Rainbow"},"content":{"rendered":"<p>Un d\u00e9grad\u00e9 de saphirs positionn\u00e9s en un serti invisible sublime la carrure du Streamliner Skeleton Rainbow, r\u00e9v\u00e9lant d\u00e8s le premier regard toute sa splendeur. Soulign\u00e9 par ce halo chromatique, le bo\u00eetier en or rouge 5N apporte douceur et po\u00e9sie \u00e0 la forme embl\u00e9matique du mod\u00e8le Streamliner, dans un jeu subtil entre lumi\u00e8re et couleur. Un tourbillon volant flotte au c\u0153ur du mouvement squelette \u2013 une v\u00e9ritable d\u00e9monstration de pr\u00e9cision minimaliste. Con\u00e7u avec une audace technique et une finesse po\u00e9tique, ce pr\u00e9cieux garde-temps red\u00e9finit les standards de la haute horlogerie.<\/p>\n","protected":false},"excerpt":{"rendered":"<p>Un d\u00e9grad\u00e9 de saphirs positionn\u00e9s en un serti invisible sublime la carrure du Streamliner Skeleton Rainbow, r\u00e9v\u00e9lant d\u00e8s le premier regard toute sa splendeur. Soulign\u00e9 par ce halo chromatique, le bo\u00eetier en or rouge 5N apporte douceur et po\u00e9sie \u00e0 la forme embl\u00e9matique du mod\u00e8le Streamliner, dans un jeu subtil entre lumi\u00e8re et couleur. Un &hellip; <a href=\"https:\/\/h-moser.com\/fr\/produit\/streamliner-tourbillon-rainbow-6814-0401\/\">Continued<\/a><\/p>\n","protected":false},"featured_media":109782,"template":"","meta":{"_acf_changed":false,"_seopress_robots_primary_cat":"none","_seopress_titles_title":"","_seopress_titles_desc":"","_seopress_robots_index":""},"product_brand":[],"product_cat":[2391,99],"product_tag":[],"class_list":{"0":"post-106897","1":"product","2":"type-product","3":"status-publish","4":"has-post-thumbnail","6":"product_cat-rainbow-fr","7":"product_cat-streamliner-fr","9":"first","10":"instock","11":"shipping-taxable","12":"purchasable","13":"product-type-simple"},"acf":[],"_links":{"self":[{"href":"https:\/\/h-moser.com\/fr\/wp-json\/wp\/v2\/product\/106897","targetHints":{"allow":["GET"]}}],"collection":[{"href":"https:\/\/h-moser.com\/fr\/wp-json\/wp\/v2\/product"}],"about":[{"href":"https:\/\/h-moser.com\/fr\/wp-json\/wp\/v2\/types\/product"}],"wp:featuredmedia":[{"embeddable":true,"href":"https:\/\/h-moser.com\/fr\/wp-json\/wp\/v2\/media\/109782"}],"wp:attachment":[{"href":"https:\/\/h-moser.com\/fr\/wp-json\/wp\/v2\/media?parent=106897"}],"wp:term":[{"taxonomy":"product_brand","embeddable":true,"href":"https:\/\/h-moser.com\/fr\/wp-json\/wp\/v2\/product_brand?post=106897"},{"taxonomy":"product_cat","embeddable":true,"href":"https:\/\/h-moser.com\/fr\/wp-json\/wp\/v2\/product_cat?post=106897"},{"taxonomy":"product_tag","embeddable":true,"href":"https:\/\/h-moser.com\/fr\/wp-json\/wp\/v2\/product_tag?post=106897"}],"curies":[{"name":"wp","href":"https:\/\/api.w.org\/{rel}","templated":true}]}}