{"id":1087,"date":"2020-02-21T18:13:22","date_gmt":"2020-02-25T18:54:50","guid":{"rendered":"https:\/\/shop-now.h-moser.com\/produit\/endeavour-perpetual-calendar-concept\/"},"modified":"2020-10-19T16:26:52","modified_gmt":"2020-10-19T14:26:52","slug":"endeavour-perpetual-calendar-concept","status":"publish","type":"product","link":"https:\/\/h-moser.com\/fr\/produit\/endeavour-perpetual-calendar-concept\/","title":{"rendered":"ENDEAVOUR PERPETUAL CALENDAR CONCEPT"},"content":{"rendered":"<p>Endeavour, la plus pure des collections H. Moser &amp; Cie., constitue l&rsquo;\u00e9quilibre parfait entre les formes, les couleurs et les lignes tout en restant fid\u00e8le \u00e0 la tradition horlog\u00e8re.<br \/>\nAll\u00e9g\u00e9e du fardeau des logos et des index, la 1341-1200 ne conserve que l&rsquo;essentiel afin d&rsquo;indiquer la date et l&rsquo;heure. Sous l&rsquo;exceptionnel cadran Funky Blue fum\u00e9 existant en seulement 10 pi\u00e8ces, se trouve le c\u00e9l\u00e8bre quanti\u00e8me perp\u00e9tuel de H. Moser &amp; Cie., comprenant plus de 320 composants.<\/p>\n","protected":false},"excerpt":{"rendered":"<p>Short description<\/p>\n","protected":false},"featured_media":14277,"template":"","meta":{"_acf_changed":false,"_seopress_robots_primary_cat":"none","_seopress_titles_title":"H. Moser &amp; Cie. watches ENDEAVOUR PERPETUAL CALENDAR CONCEPT","_seopress_titles_desc":"Endeavour, la plus pure des collections H. Moser &amp; Cie., constitue l&#039;\u00e9quilibre parfait entre les formes, les couleurs et les lignes tout en restant fid\u00e8le \u00e0 la tradition horlog\u00e8re.","_seopress_robots_index":""},"product_brand":[],"product_cat":[83],"product_tag":[],"class_list":{"0":"post-1087","1":"product","2":"type-product","3":"status-publish","4":"has-post-thumbnail","6":"product_cat-pre-owned-fr-2","8":"first","9":"outofstock","10":"shipping-taxable","11":"purchasable","12":"product-type-simple"},"acf":[],"_links":{"self":[{"href":"https:\/\/h-moser.com\/fr\/wp-json\/wp\/v2\/product\/1087","targetHints":{"allow":["GET"]}}],"collection":[{"href":"https:\/\/h-moser.com\/fr\/wp-json\/wp\/v2\/product"}],"about":[{"href":"https:\/\/h-moser.com\/fr\/wp-json\/wp\/v2\/types\/product"}],"wp:featuredmedia":[{"embeddable":true,"href":"https:\/\/h-moser.com\/fr\/wp-json\/wp\/v2\/media\/14277"}],"wp:attachment":[{"href":"https:\/\/h-moser.com\/fr\/wp-json\/wp\/v2\/media?parent=1087"}],"wp:term":[{"taxonomy":"product_brand","embeddable":true,"href":"https:\/\/h-moser.com\/fr\/wp-json\/wp\/v2\/product_brand?post=1087"},{"taxonomy":"product_cat","embeddable":true,"href":"https:\/\/h-moser.com\/fr\/wp-json\/wp\/v2\/product_cat?post=1087"},{"taxonomy":"product_tag","embeddable":true,"href":"https:\/\/h-moser.com\/fr\/wp-json\/wp\/v2\/product_tag?post=1087"}],"curies":[{"name":"wp","href":"https:\/\/api.w.org\/{rel}","templated":true}]}}