{"id":1094,"date":"2020-02-21T18:37:40","date_gmt":"2020-02-21T17:37:40","guid":{"rendered":"https:\/\/shop-now.h-moser.com\/produit\/swiss-alp-watch\/"},"modified":"2020-10-19T12:53:03","modified_gmt":"2020-10-19T10:53:03","slug":"swiss-alp-watch","status":"publish","type":"product","link":"https:\/\/h-moser.com\/fr\/produit\/swiss-alp-watch\/","title":{"rendered":"SWISS ALP WATCH"},"content":{"rendered":"<p>La Swiss Alp Watch, interpr\u00e9tation traditionnelle et m\u00e9canique de la montre connect\u00e9e, s&rsquo;approprie les genres conceptuels de notre \u00e9poque.<\/p>\n<p>Limit\u00e9e \u00e0 une production de seulement 50 pi\u00e8ces, la 5324-0200 est dot\u00e9e du mouvement manufacture HMC 324 \u00e0 remontage manuel, qui \u00e0 l&rsquo;inverse des montres connect\u00e9es, ne n\u00e9cessite aucun rechargement. La montre pourra fonctionner pendant plus de quatre jours, apr\u00e8s le remontage de la couronne situ\u00e9e sur le c\u00f4t\u00e9 de la bo\u00eete rectangulaire en or blanc.<\/p>\n<p>&nbsp;<\/p>\n","protected":false},"excerpt":{"rendered":"<p>La Swiss Alp Watch, interpr\u00e9tation traditionnelle et m\u00e9canique de la montre connect\u00e9e, s&rsquo;approprie les genres conceptuels de notre \u00e9poque. Limit\u00e9e \u00e0 une production de seulement 50 pi\u00e8ces, la 5324-0200 est dot\u00e9e du mouvement manufacture HMC 324 \u00e0 remontage manuel, qui \u00e0 l&rsquo;inverse des montres connect\u00e9es, ne n\u00e9cessite aucun rechargement. La montre pourra fonctionner pendant plus &hellip; <a href=\"https:\/\/h-moser.com\/fr\/produit\/swiss-alp-watch\/\">Continued<\/a><\/p>\n","protected":false},"featured_media":14690,"template":"","meta":{"_acf_changed":false,"_seopress_robots_primary_cat":"none","_seopress_titles_title":"H. Moser &amp; Cie. watches SWISS ALP WATCH","_seopress_titles_desc":"La Swiss Alp Watch, interpr\u00e9tation traditionnelle et m\u00e9canique de la montre connect\u00e9e, s&#039;approprie les genres conceptuels de notre \u00e9poque.","_seopress_robots_index":""},"product_brand":[],"product_cat":[83],"product_tag":[],"class_list":{"0":"post-1094","1":"product","2":"type-product","3":"status-publish","4":"has-post-thumbnail","6":"product_cat-pre-owned-fr-2","8":"first","9":"outofstock","10":"shipping-taxable","11":"purchasable","12":"product-type-simple"},"acf":[],"_links":{"self":[{"href":"https:\/\/h-moser.com\/fr\/wp-json\/wp\/v2\/product\/1094","targetHints":{"allow":["GET"]}}],"collection":[{"href":"https:\/\/h-moser.com\/fr\/wp-json\/wp\/v2\/product"}],"about":[{"href":"https:\/\/h-moser.com\/fr\/wp-json\/wp\/v2\/types\/product"}],"wp:featuredmedia":[{"embeddable":true,"href":"https:\/\/h-moser.com\/fr\/wp-json\/wp\/v2\/media\/14690"}],"wp:attachment":[{"href":"https:\/\/h-moser.com\/fr\/wp-json\/wp\/v2\/media?parent=1094"}],"wp:term":[{"taxonomy":"product_brand","embeddable":true,"href":"https:\/\/h-moser.com\/fr\/wp-json\/wp\/v2\/product_brand?post=1094"},{"taxonomy":"product_cat","embeddable":true,"href":"https:\/\/h-moser.com\/fr\/wp-json\/wp\/v2\/product_cat?post=1094"},{"taxonomy":"product_tag","embeddable":true,"href":"https:\/\/h-moser.com\/fr\/wp-json\/wp\/v2\/product_tag?post=1094"}],"curies":[{"name":"wp","href":"https:\/\/api.w.org\/{rel}","templated":true}]}}