{"id":1101,"date":"2020-02-21T20:02:09","date_gmt":"2020-02-21T19:02:09","guid":{"rendered":"https:\/\/shop-now.h-moser.com\/produit\/pioneer-center-seconds\/"},"modified":"2020-10-19T13:18:43","modified_gmt":"2020-10-19T11:18:43","slug":"pioneer-center-seconds","status":"publish","type":"product","link":"https:\/\/h-moser.com\/fr\/produit\/pioneer-center-seconds\/","title":{"rendered":"PIONEER CENTRE SECONDS"},"content":{"rendered":"<p>Os\u00e9e et moderne, Pioneer est la plus audacieuse des collections jamais cr\u00e9\u00e9e par H. Moser &amp; Cie. Con\u00e7ue pour durer, la bo\u00eete est \u00e9tanche jusqu&rsquo;\u00e0 120 m\u00e8tres et elle permet la lecture de l&rsquo;heure dans quasiment toutes les conditions, gr\u00e2ce \u00e0 la pr\u00e9sence de Superluminova\u00ae.<\/p>\n<p>Le premier mod\u00e8le de cette collection fut la 3200-1200, \u00e9quip\u00e9e d&rsquo;un cadran Midnight Blue fum\u00e9. Dot\u00e9e d&rsquo;une bo\u00eete en acier robuste ainsi que d&rsquo;un mouvement automatique manufacture, cette montre vous accompagnera dans toutes vos aventures.<\/p>\n","protected":false},"excerpt":{"rendered":"<p>Os\u00e9e et moderne, Pioneer est la plus audacieuse des collections jamais cr\u00e9\u00e9e par H. Moser &amp; Cie. Con\u00e7ue pour durer, la bo\u00eete est \u00e9tanche jusqu&rsquo;\u00e0 120 m\u00e8tres et elle permet la lecture de l&rsquo;heure dans quasiment toutes les conditions, gr\u00e2ce \u00e0 la pr\u00e9sence de Superluminova\u00ae. Le premier mod\u00e8le de cette collection fut la 3200-1200, \u00e9quip\u00e9e &hellip; <a href=\"https:\/\/h-moser.com\/fr\/produit\/pioneer-center-seconds\/\">Continued<\/a><\/p>\n","protected":false},"featured_media":14586,"template":"","meta":{"_acf_changed":false,"_seopress_robots_primary_cat":"none","_seopress_titles_title":"","_seopress_titles_desc":"","_seopress_robots_index":""},"product_brand":[],"product_cat":[83],"product_tag":[],"class_list":{"0":"post-1101","1":"product","2":"type-product","3":"status-publish","4":"has-post-thumbnail","6":"product_cat-pre-owned-fr-2","8":"first","9":"outofstock","10":"shipping-taxable","11":"purchasable","12":"product-type-simple"},"acf":[],"_links":{"self":[{"href":"https:\/\/h-moser.com\/fr\/wp-json\/wp\/v2\/product\/1101","targetHints":{"allow":["GET"]}}],"collection":[{"href":"https:\/\/h-moser.com\/fr\/wp-json\/wp\/v2\/product"}],"about":[{"href":"https:\/\/h-moser.com\/fr\/wp-json\/wp\/v2\/types\/product"}],"wp:featuredmedia":[{"embeddable":true,"href":"https:\/\/h-moser.com\/fr\/wp-json\/wp\/v2\/media\/14586"}],"wp:attachment":[{"href":"https:\/\/h-moser.com\/fr\/wp-json\/wp\/v2\/media?parent=1101"}],"wp:term":[{"taxonomy":"product_brand","embeddable":true,"href":"https:\/\/h-moser.com\/fr\/wp-json\/wp\/v2\/product_brand?post=1101"},{"taxonomy":"product_cat","embeddable":true,"href":"https:\/\/h-moser.com\/fr\/wp-json\/wp\/v2\/product_cat?post=1101"},{"taxonomy":"product_tag","embeddable":true,"href":"https:\/\/h-moser.com\/fr\/wp-json\/wp\/v2\/product_tag?post=1101"}],"curies":[{"name":"wp","href":"https:\/\/api.w.org\/{rel}","templated":true}]}}