{"id":1108,"date":"2020-02-21T20:07:21","date_gmt":"2020-02-21T19:07:21","guid":{"rendered":"https:\/\/shop-now.h-moser.com\/produit\/pioneer-perpetual-calendar\/"},"modified":"2020-10-19T13:04:21","modified_gmt":"2020-10-19T11:04:21","slug":"pioneer-perpetual-calendar","status":"publish","type":"product","link":"https:\/\/h-moser.com\/fr\/produit\/pioneer-perpetual-calendar\/","title":{"rendered":"PIONEER PERPETUAL CALENDAR"},"content":{"rendered":"<p>Os\u00e9e et moderne, Pioneer est la plus audacieuse des collections jamais cr\u00e9\u00e9e par H. Moser &amp; Cie. Con\u00e7ue pour durer, la bo\u00eete est \u00e9tanche jusqu&rsquo;\u00e0 120 m\u00e8tres et elle permet la lecture de l&rsquo;heure dans quasiment toutes les conditions, gr\u00e2ce \u00e0 la pr\u00e9sence de Superluminova\u00ae.<\/p>\n<p>Tr\u00e8s \u00e0 l&rsquo;aise au sein de la collection Pioneer, la 3800-0900 est \u00e9quip\u00e9e du quanti\u00e8me perp\u00e9tuel sign\u00e9 H. Moser &amp; Cie., maintes fois r\u00e9compens\u00e9. Gr\u00e2ce \u00e0 son syst\u00e8me \u00ab\u00a0flash date\u00a0\u00bb, ainsi qu&rsquo;\u00e0 la possibilit\u00e9 d&rsquo;avancer ou de reculer la date, ce quanti\u00e8me perp\u00e9tuel peut \u00eatre utilis\u00e9 au quotidien.<\/p>\n","protected":false},"excerpt":{"rendered":"<p>Os\u00e9e et moderne, Pioneer est la plus audacieuse des collections jamais cr\u00e9\u00e9e par H. Moser &amp; Cie. Con\u00e7ue pour durer, la bo\u00eete est \u00e9tanche jusqu&rsquo;\u00e0 120 m\u00e8tres et elle permet la lecture de l&rsquo;heure dans quasiment toutes les conditions, gr\u00e2ce \u00e0 la pr\u00e9sence de Superluminova\u00ae. Tr\u00e8s \u00e0 l&rsquo;aise au sein de la collection Pioneer, la &hellip; <a href=\"https:\/\/h-moser.com\/fr\/produit\/pioneer-perpetual-calendar\/\">Continued<\/a><\/p>\n","protected":false},"featured_media":14638,"template":"","meta":{"_acf_changed":false,"_seopress_robots_primary_cat":"none","_seopress_titles_title":"H. Moser &amp; Cie. watches PIONEER PERPETUAL CALENDAR","_seopress_titles_desc":"Os\u00e9e et moderne, Pioneer est la plus audacieuse des collections jamais cr\u00e9\u00e9e par H. Moser &amp; Cie.","_seopress_robots_index":""},"product_brand":[],"product_cat":[83],"product_tag":[],"class_list":{"0":"post-1108","1":"product","2":"type-product","3":"status-publish","4":"has-post-thumbnail","6":"product_cat-pre-owned-fr-2","8":"first","9":"outofstock","10":"shipping-taxable","11":"purchasable","12":"product-type-simple"},"acf":[],"_links":{"self":[{"href":"https:\/\/h-moser.com\/fr\/wp-json\/wp\/v2\/product\/1108","targetHints":{"allow":["GET"]}}],"collection":[{"href":"https:\/\/h-moser.com\/fr\/wp-json\/wp\/v2\/product"}],"about":[{"href":"https:\/\/h-moser.com\/fr\/wp-json\/wp\/v2\/types\/product"}],"wp:featuredmedia":[{"embeddable":true,"href":"https:\/\/h-moser.com\/fr\/wp-json\/wp\/v2\/media\/14638"}],"wp:attachment":[{"href":"https:\/\/h-moser.com\/fr\/wp-json\/wp\/v2\/media?parent=1108"}],"wp:term":[{"taxonomy":"product_brand","embeddable":true,"href":"https:\/\/h-moser.com\/fr\/wp-json\/wp\/v2\/product_brand?post=1108"},{"taxonomy":"product_cat","embeddable":true,"href":"https:\/\/h-moser.com\/fr\/wp-json\/wp\/v2\/product_cat?post=1108"},{"taxonomy":"product_tag","embeddable":true,"href":"https:\/\/h-moser.com\/fr\/wp-json\/wp\/v2\/product_tag?post=1108"}],"curies":[{"name":"wp","href":"https:\/\/api.w.org\/{rel}","templated":true}]}}