{"id":111212,"date":"2025-05-29T18:04:09","date_gmt":"2025-05-29T16:05:43","guid":{"rendered":"https:\/\/h-moser.com\/?post_type=product&#038;p=111212"},"modified":"2026-03-02T10:15:56","modified_gmt":"2026-03-02T09:15:56","slug":"streamliner-flyback-chronograph-skeleton-6700-1200","status":"publish","type":"product","link":"https:\/\/h-moser.com\/fr\/produit\/streamliner-flyback-chronograph-skeleton-6700-1200\/","title":{"rendered":"Streamliner Alpine Drivers and Mechanics Editions"},"content":{"rendered":"<p>Les pilotes Alpine r\u00eavaient d\u2019arborer \u00e0 leur poignet une montre aussi classe que leur monoplace&#8230; la Streamliner Alpine Drivers Edition offre une nouvelle facette m\u00e9canique \u00e0 notre collaboration avec Alpine Motorsports. Chaque d\u00e9tail est inspir\u00e9 de l\u2019univers de la course automobile\u00a0: deux ponts en forme de V \u00e9voquent les suspensions de la monoplace, le pont central du mouvement c\u00f4t\u00e9 fond de bo\u00eete fait penser \u00e0 un casque de course, le rotor s\u2019apparente \u00e0 une jante de roue d\u2019une Alpine A110&#8230; Sous le capot se trouve le HMC\u00a0700, notre premier mouvement chronographe squelettis\u00e9. D\u00e9pourvu de cadrans auxiliaires, le garde-temps privil\u00e9gie le minimalisme et la lisibilit\u00e9\u00a0: il pr\u00e9sente une aiguille centrale des minutes et des secondes, ainsi qu\u2019une fonction retour en vol.<\/p>\n<p>Derri\u00e8re chaque r\u00eave de course automobile, il y a une \u00e9quipe. C\u2019est pourquoi nous avons \u00e9galement cr\u00e9\u00e9 la <a href=\"https:\/\/h-moser.com\/chronicles\/alpine-motorsports\/streamliner-alpine-mechanics-edition\/\" target=\"_blank\" rel=\"noopener\">Streamliner Alpine Mechanics Edition<\/a> \u2013\u00a0une merveille digitale de pointe, inspir\u00e9e des h\u00e9ros de l\u2019ombre qui s\u2019affairent sur le stand de ravitaillement. Comme beaucoup de pilotes et de m\u00e9caniciens, les deux montres forment une \u00e9quipe, dans un m\u00eame \u00e9crin \u2013\u00a0jamais en solo\u00a0\u2013 et sont limit\u00e9es \u00e0 200\u00a0exemplaires seulement.<\/p>\n","protected":false},"excerpt":{"rendered":"<p>Les pilotes Alpine r\u00eavaient d\u2019arborer \u00e0 leur poignet une montre aussi classe que leur monoplace&#8230; la Streamliner Alpine Drivers Edition offre une nouvelle facette m\u00e9canique \u00e0 notre collaboration avec Alpine Motorsports. Chaque d\u00e9tail est inspir\u00e9 de l\u2019univers de la course automobile\u00a0: deux ponts en forme de V \u00e9voquent les suspensions de la monoplace, le pont &hellip; <a href=\"https:\/\/h-moser.com\/fr\/produit\/streamliner-flyback-chronograph-skeleton-6700-1200\/\">Continued<\/a><\/p>\n","protected":false},"featured_media":110993,"template":"","meta":{"_acf_changed":false,"_seopress_robots_primary_cat":"none","_seopress_titles_title":"","_seopress_titles_desc":"","_seopress_robots_index":""},"product_brand":[],"product_cat":[1961,99],"product_tag":[],"class_list":{"0":"post-111212","1":"product","2":"type-product","3":"status-publish","4":"has-post-thumbnail","6":"product_cat-alpine-limited-edition-fr","7":"product_cat-streamliner-fr","9":"first","10":"instock","11":"shipping-taxable","12":"purchasable","13":"product-type-simple"},"acf":[],"_links":{"self":[{"href":"https:\/\/h-moser.com\/fr\/wp-json\/wp\/v2\/product\/111212","targetHints":{"allow":["GET"]}}],"collection":[{"href":"https:\/\/h-moser.com\/fr\/wp-json\/wp\/v2\/product"}],"about":[{"href":"https:\/\/h-moser.com\/fr\/wp-json\/wp\/v2\/types\/product"}],"wp:featuredmedia":[{"embeddable":true,"href":"https:\/\/h-moser.com\/fr\/wp-json\/wp\/v2\/media\/110993"}],"wp:attachment":[{"href":"https:\/\/h-moser.com\/fr\/wp-json\/wp\/v2\/media?parent=111212"}],"wp:term":[{"taxonomy":"product_brand","embeddable":true,"href":"https:\/\/h-moser.com\/fr\/wp-json\/wp\/v2\/product_brand?post=111212"},{"taxonomy":"product_cat","embeddable":true,"href":"https:\/\/h-moser.com\/fr\/wp-json\/wp\/v2\/product_cat?post=111212"},{"taxonomy":"product_tag","embeddable":true,"href":"https:\/\/h-moser.com\/fr\/wp-json\/wp\/v2\/product_tag?post=111212"}],"curies":[{"name":"wp","href":"https:\/\/api.w.org\/{rel}","templated":true}]}}